{"id":17898,"date":"2024-08-16T13:53:47","date_gmt":"2024-08-16T04:53:47","guid":{"rendered":"https:\/\/menu.betoya.jp\/tsukiji\/product\/set-banh-mi-la-chanh-ga\/"},"modified":"2025-03-14T11:14:39","modified_gmt":"2025-03-14T02:14:39","slug":"set-banh-mi-la-chanh-ga","status":"publish","type":"product","link":"https:\/\/menu.betoya.jp\/tsukiji\/vi\/product\/set-banh-mi-la-chanh-ga\/","title":{"rendered":"Set b\u00e1nh m\u00ec l\u00e1 chanh g\u00e0"},"content":{"rendered":"<p>B\u00e1nh m\u00ec l\u00e1 chanh g\u00e0 v\u00e0 c\u00e0 ph\u00ea Vi\u1ec7t Nam<\/p>\n","protected":false},"excerpt":{"rendered":"<p>B\u00e1nh m\u00ec l\u00e1 chanh g\u00e0 v\u00e0 c\u00e0 ph\u00ea Vi\u1ec7t Nam<\/p>\n","protected":false},"featured_media":17900,"comment_status":"open","ping_status":"closed","template":"","meta":[],"product_cat":[273,275,271,270,269],"product_tag":[274,276],"menu-book":[],"class_list":{"0":"post-17898","1":"product","2":"type-product","3":"status-publish","4":"has-post-thumbnail","6":"product_cat-banh-mi-vi-3","7":"product_cat-banh-mi-vi-4","8":"product_cat-ben-trong-cua-hang-buoi-sang","9":"product_cat-takeaway-buoi-sang","10":"product_cat-viet-trieu","11":"product_tag-cua-hang-tameike-sanno","12":"product_tag-cua-hang-tsukiji","14":"first","15":"instock","16":"taxable","17":"shipping-taxable","18":"purchasable","19":"product-type-composite"},"distributor_meta":false,"distributor_terms":false,"distributor_media":false,"distributor_original_site_name":"Tsukiji","distributor_original_site_url":"https:\/\/menu.betoya.jp\/tsukiji\/vi\/","push-errors":false,"_links":{"self":[{"href":"https:\/\/menu.betoya.jp\/tsukiji\/vi\/wp-json\/wp\/v2\/product\/17898","targetHints":{"allow":["GET"]}}],"collection":[{"href":"https:\/\/menu.betoya.jp\/tsukiji\/vi\/wp-json\/wp\/v2\/product"}],"about":[{"href":"https:\/\/menu.betoya.jp\/tsukiji\/vi\/wp-json\/wp\/v2\/types\/product"}],"replies":[{"embeddable":true,"href":"https:\/\/menu.betoya.jp\/tsukiji\/vi\/wp-json\/wp\/v2\/comments?post=17898"}],"wp:featuredmedia":[{"embeddable":true,"href":"https:\/\/menu.betoya.jp\/tsukiji\/vi\/wp-json\/wp\/v2\/media\/17900"}],"wp:attachment":[{"href":"https:\/\/menu.betoya.jp\/tsukiji\/vi\/wp-json\/wp\/v2\/media?parent=17898"}],"wp:term":[{"taxonomy":"product_cat","embeddable":true,"href":"https:\/\/menu.betoya.jp\/tsukiji\/vi\/wp-json\/wp\/v2\/product_cat?post=17898"},{"taxonomy":"product_tag","embeddable":true,"href":"https:\/\/menu.betoya.jp\/tsukiji\/vi\/wp-json\/wp\/v2\/product_tag?post=17898"},{"taxonomy":"menu-book","embeddable":true,"href":"https:\/\/menu.betoya.jp\/tsukiji\/vi\/wp-json\/wp\/v2\/menu-book?post=17898"}],"curies":[{"name":"wp","href":"https:\/\/api.w.org\/{rel}","templated":true}]}}