{"id":17804,"date":"2024-09-02T00:55:30","date_gmt":"2024-09-01T15:55:30","guid":{"rendered":"https:\/\/menu.betoya.jp\/tsukiji\/product\/set-pho-va-banh-mi-nho\/"},"modified":"2025-03-14T11:14:38","modified_gmt":"2025-03-14T02:14:38","slug":"set-pho-va-banh-mi-nho","status":"publish","type":"product","link":"https:\/\/menu.betoya.jp\/tsukiji\/vi\/product\/set-pho-va-banh-mi-nho\/","title":{"rendered":"Set ph\u1edf v\u00e0 b\u00e1nh m\u00ec nh\u1ecf"},"content":{"rendered":"","protected":false},"excerpt":{"rendered":"","protected":false},"featured_media":0,"comment_status":"open","ping_status":"closed","template":"","meta":[],"product_cat":[248],"product_tag":[],"menu-book":[],"class_list":{"0":"post-17804","1":"product","2":"type-product","3":"status-publish","5":"product_cat-ben-trong-bua-toi","7":"first","8":"instock","9":"taxable","10":"shipping-taxable","11":"purchasable","12":"product-type-simple"},"distributor_meta":false,"distributor_terms":false,"distributor_media":false,"distributor_original_site_name":"Tsukiji","distributor_original_site_url":"https:\/\/menu.betoya.jp\/tsukiji\/vi\/","push-errors":false,"_links":{"self":[{"href":"https:\/\/menu.betoya.jp\/tsukiji\/vi\/wp-json\/wp\/v2\/product\/17804","targetHints":{"allow":["GET"]}}],"collection":[{"href":"https:\/\/menu.betoya.jp\/tsukiji\/vi\/wp-json\/wp\/v2\/product"}],"about":[{"href":"https:\/\/menu.betoya.jp\/tsukiji\/vi\/wp-json\/wp\/v2\/types\/product"}],"replies":[{"embeddable":true,"href":"https:\/\/menu.betoya.jp\/tsukiji\/vi\/wp-json\/wp\/v2\/comments?post=17804"}],"wp:attachment":[{"href":"https:\/\/menu.betoya.jp\/tsukiji\/vi\/wp-json\/wp\/v2\/media?parent=17804"}],"wp:term":[{"taxonomy":"product_cat","embeddable":true,"href":"https:\/\/menu.betoya.jp\/tsukiji\/vi\/wp-json\/wp\/v2\/product_cat?post=17804"},{"taxonomy":"product_tag","embeddable":true,"href":"https:\/\/menu.betoya.jp\/tsukiji\/vi\/wp-json\/wp\/v2\/product_tag?post=17804"},{"taxonomy":"menu-book","embeddable":true,"href":"https:\/\/menu.betoya.jp\/tsukiji\/vi\/wp-json\/wp\/v2\/menu-book?post=17804"}],"curies":[{"name":"wp","href":"https:\/\/api.w.org\/{rel}","templated":true}]}}