{"id":18132,"date":"2023-10-21T19:43:28","date_gmt":"2023-10-21T10:43:28","guid":{"rendered":"https:\/\/menu.betoya.jp\/tameike\/product\/nem-chua-ran-2\/"},"modified":"2025-03-14T11:15:54","modified_gmt":"2025-03-14T02:15:54","slug":"nem-chua-ran-2","status":"publish","type":"product","link":"https:\/\/menu.betoya.jp\/tameike\/vi\/product\/nem-chua-ran-2\/","title":{"rendered":"nem chua r\u00e1n"},"content":{"rendered":"","protected":false},"excerpt":{"rendered":"<p>N\u00f3 c\u00f3 v\u1ecb chua v\u00e0 cay v\u00e0 \u0111\u01b0\u1ee3c khuy\u00ean d\u00f9ng nh\u01b0 m\u1ed9t m\u00f3n \u0103n nh\u1eb9!<\/p>\n","protected":false},"featured_media":18026,"comment_status":"open","ping_status":"closed","template":"","meta":[],"product_cat":[266,272],"product_tag":[250],"menu-book":[],"class_list":{"0":"post-18132","1":"product","2":"type-product","3":"status-publish","4":"has-post-thumbnail","6":"product_cat-dia-nho-cha-gio-vi","7":"product_cat-dia-nho-cha-gio-vi-4","8":"product_tag-tat-ca-cac-cua-hang","10":"first","11":"instock","12":"taxable","13":"purchasable","14":"product-type-simple"},"distributor_meta":false,"distributor_terms":false,"distributor_media":false,"distributor_original_site_name":"Tameikesanno","distributor_original_site_url":"https:\/\/menu.betoya.jp\/tameike\/vi\/","push-errors":false,"_links":{"self":[{"href":"https:\/\/menu.betoya.jp\/tameike\/vi\/wp-json\/wp\/v2\/product\/18132","targetHints":{"allow":["GET"]}}],"collection":[{"href":"https:\/\/menu.betoya.jp\/tameike\/vi\/wp-json\/wp\/v2\/product"}],"about":[{"href":"https:\/\/menu.betoya.jp\/tameike\/vi\/wp-json\/wp\/v2\/types\/product"}],"replies":[{"embeddable":true,"href":"https:\/\/menu.betoya.jp\/tameike\/vi\/wp-json\/wp\/v2\/comments?post=18132"}],"wp:featuredmedia":[{"embeddable":true,"href":"https:\/\/menu.betoya.jp\/tameike\/vi\/wp-json\/wp\/v2\/media\/18026"}],"wp:attachment":[{"href":"https:\/\/menu.betoya.jp\/tameike\/vi\/wp-json\/wp\/v2\/media?parent=18132"}],"wp:term":[{"taxonomy":"product_cat","embeddable":true,"href":"https:\/\/menu.betoya.jp\/tameike\/vi\/wp-json\/wp\/v2\/product_cat?post=18132"},{"taxonomy":"product_tag","embeddable":true,"href":"https:\/\/menu.betoya.jp\/tameike\/vi\/wp-json\/wp\/v2\/product_tag?post=18132"},{"taxonomy":"menu-book","embeddable":true,"href":"https:\/\/menu.betoya.jp\/tameike\/vi\/wp-json\/wp\/v2\/menu-book?post=18132"}],"curies":[{"name":"wp","href":"https:\/\/api.w.org\/{rel}","templated":true}]}}