{"id":18131,"date":"2023-10-20T22:51:19","date_gmt":"2023-10-20T13:51:19","guid":{"rendered":"https:\/\/menu.betoya.jp\/tameike\/product\/banh-mi-gio-lua-3\/"},"modified":"2025-03-14T11:15:54","modified_gmt":"2025-03-14T02:15:54","slug":"banh-mi-gio-lua-3","status":"publish","type":"product","link":"https:\/\/menu.betoya.jp\/tameike\/vi\/product\/banh-mi-gio-lua-3\/","title":{"rendered":"b\u00e1nh m\u00ec gi\u00f2 l\u1ee5a"},"content":{"rendered":"","protected":false},"excerpt":{"rendered":"<p>Th\u1ecbt gi\u0103m b\u00f4ng Vi\u1ec7t Nam, c\u1ee7 c\u1ea3i daikon v\u00e0 c\u00e0 r\u1ed1t (ng\u00e2m d\u1ea5m chua ng\u1ecdt) \u0111\u01b0\u1ee3c k\u1eb9p gi\u1eefa, ph\u1ebft b\u01a1 h\u00e0nh th\u1ee7 c\u00f4ng v\u00e0 b\u1ed9t gan l\u1ee3n l\u00ean tr\u00ean.<\/p>\n","protected":false},"featured_media":17833,"comment_status":"open","ping_status":"closed","template":"","meta":[],"product_cat":[263],"product_tag":[250],"menu-book":[],"class_list":{"0":"post-18131","1":"product","2":"type-product","3":"status-publish","4":"has-post-thumbnail","6":"product_cat-banh-mi-vi","7":"product_tag-tat-ca-cac-cua-hang","9":"first","10":"instock","11":"taxable","12":"purchasable","13":"product-type-composite"},"distributor_meta":false,"distributor_terms":false,"distributor_media":false,"distributor_original_site_name":"Tameikesanno","distributor_original_site_url":"https:\/\/menu.betoya.jp\/tameike\/vi\/","push-errors":false,"_links":{"self":[{"href":"https:\/\/menu.betoya.jp\/tameike\/vi\/wp-json\/wp\/v2\/product\/18131","targetHints":{"allow":["GET"]}}],"collection":[{"href":"https:\/\/menu.betoya.jp\/tameike\/vi\/wp-json\/wp\/v2\/product"}],"about":[{"href":"https:\/\/menu.betoya.jp\/tameike\/vi\/wp-json\/wp\/v2\/types\/product"}],"replies":[{"embeddable":true,"href":"https:\/\/menu.betoya.jp\/tameike\/vi\/wp-json\/wp\/v2\/comments?post=18131"}],"wp:featuredmedia":[{"embeddable":true,"href":"https:\/\/menu.betoya.jp\/tameike\/vi\/wp-json\/wp\/v2\/media\/17833"}],"wp:attachment":[{"href":"https:\/\/menu.betoya.jp\/tameike\/vi\/wp-json\/wp\/v2\/media?parent=18131"}],"wp:term":[{"taxonomy":"product_cat","embeddable":true,"href":"https:\/\/menu.betoya.jp\/tameike\/vi\/wp-json\/wp\/v2\/product_cat?post=18131"},{"taxonomy":"product_tag","embeddable":true,"href":"https:\/\/menu.betoya.jp\/tameike\/vi\/wp-json\/wp\/v2\/product_tag?post=18131"},{"taxonomy":"menu-book","embeddable":true,"href":"https:\/\/menu.betoya.jp\/tameike\/vi\/wp-json\/wp\/v2\/menu-book?post=18131"}],"curies":[{"name":"wp","href":"https:\/\/api.w.org\/{rel}","templated":true}]}}