{"id":18129,"date":"2023-10-21T19:44:03","date_gmt":"2023-10-21T10:44:03","guid":{"rendered":"https:\/\/menu.betoya.jp\/tameike\/product\/banh-phong-tom-2\/"},"modified":"2025-03-14T11:15:54","modified_gmt":"2025-03-14T02:15:54","slug":"banh-phong-tom-2","status":"publish","type":"product","link":"https:\/\/menu.betoya.jp\/tameike\/vi\/product\/banh-phong-tom-2\/","title":{"rendered":"b\u00e1nh ph\u1ed3ng t\u00f4m"},"content":{"rendered":"","protected":false},"excerpt":{"rendered":"<p>Ch\u00fang t\u00f4i c\u0169ng khuy\u00ean b\u1ea1n n\u00ean \u0103n n\u00f3 v\u1edbi m\u00f3n salad.<\/p>\n","protected":false},"featured_media":18032,"comment_status":"open","ping_status":"closed","template":"","meta":[],"product_cat":[266,272],"product_tag":[250],"menu-book":[],"class_list":{"0":"post-18129","1":"product","2":"type-product","3":"status-publish","4":"has-post-thumbnail","6":"product_cat-dia-nho-cha-gio-vi","7":"product_cat-dia-nho-cha-gio-vi-4","8":"product_tag-tat-ca-cac-cua-hang","10":"first","11":"instock","12":"taxable","13":"purchasable","14":"product-type-simple"},"distributor_meta":false,"distributor_terms":false,"distributor_media":false,"distributor_original_site_name":"Tameikesanno","distributor_original_site_url":"https:\/\/menu.betoya.jp\/tameike\/vi\/","push-errors":false,"_links":{"self":[{"href":"https:\/\/menu.betoya.jp\/tameike\/vi\/wp-json\/wp\/v2\/product\/18129","targetHints":{"allow":["GET"]}}],"collection":[{"href":"https:\/\/menu.betoya.jp\/tameike\/vi\/wp-json\/wp\/v2\/product"}],"about":[{"href":"https:\/\/menu.betoya.jp\/tameike\/vi\/wp-json\/wp\/v2\/types\/product"}],"replies":[{"embeddable":true,"href":"https:\/\/menu.betoya.jp\/tameike\/vi\/wp-json\/wp\/v2\/comments?post=18129"}],"wp:featuredmedia":[{"embeddable":true,"href":"https:\/\/menu.betoya.jp\/tameike\/vi\/wp-json\/wp\/v2\/media\/18032"}],"wp:attachment":[{"href":"https:\/\/menu.betoya.jp\/tameike\/vi\/wp-json\/wp\/v2\/media?parent=18129"}],"wp:term":[{"taxonomy":"product_cat","embeddable":true,"href":"https:\/\/menu.betoya.jp\/tameike\/vi\/wp-json\/wp\/v2\/product_cat?post=18129"},{"taxonomy":"product_tag","embeddable":true,"href":"https:\/\/menu.betoya.jp\/tameike\/vi\/wp-json\/wp\/v2\/product_tag?post=18129"},{"taxonomy":"menu-book","embeddable":true,"href":"https:\/\/menu.betoya.jp\/tameike\/vi\/wp-json\/wp\/v2\/menu-book?post=18129"}],"curies":[{"name":"wp","href":"https:\/\/api.w.org\/{rel}","templated":true}]}}