{"id":18074,"date":"2024-08-16T13:56:05","date_gmt":"2024-08-16T04:56:05","guid":{"rendered":"https:\/\/menu.betoya.jp\/tameike\/product\/bo-banh-mi-buoi-sang\/"},"modified":"2025-03-14T11:15:54","modified_gmt":"2025-03-14T02:15:54","slug":"bo-banh-mi-buoi-sang","status":"publish","type":"product","link":"https:\/\/menu.betoya.jp\/tameike\/vi\/product\/bo-banh-mi-buoi-sang\/","title":{"rendered":"b\u1ed9 b\u00e1nh m\u00ec bu\u1ed5i s\u00e1ng"},"content":{"rendered":"<p>B\u00e1nh m\u00ec tr\u1ee9ng chi\u00ean v\u00e0 c\u00e0 ph\u00ea Vi\u1ec7t Nam<\/p>\n","protected":false},"excerpt":{"rendered":"<p>B\u00e1nh m\u00ec tr\u1ee9ng chi\u00ean v\u00e0 c\u00e0 ph\u00ea Vi\u1ec7t Nam<\/p>\n","protected":false},"featured_media":0,"comment_status":"open","ping_status":"closed","template":"","meta":[],"product_cat":[313,312,311,309,310],"product_tag":[314,315],"menu-book":[],"class_list":{"0":"post-18074","1":"product","2":"type-product","3":"status-publish","5":"product_cat-banh-mi-vi-4","6":"product_cat-banh-mi-vi-3","7":"product_cat-ben-trong-cua-hang-buoi-sang","8":"product_cat-takeaway-buoi-sang","9":"product_cat-viet-trieu","10":"product_tag-cua-hang-tameike-sanno","11":"product_tag-cua-hang-tsukiji","13":"first","14":"instock","15":"taxable","16":"purchasable","17":"product-type-simple"},"distributor_meta":false,"distributor_terms":false,"distributor_media":false,"distributor_original_site_name":"Tameikesanno","distributor_original_site_url":"https:\/\/menu.betoya.jp\/tameike\/vi\/","push-errors":false,"_links":{"self":[{"href":"https:\/\/menu.betoya.jp\/tameike\/vi\/wp-json\/wp\/v2\/product\/18074","targetHints":{"allow":["GET"]}}],"collection":[{"href":"https:\/\/menu.betoya.jp\/tameike\/vi\/wp-json\/wp\/v2\/product"}],"about":[{"href":"https:\/\/menu.betoya.jp\/tameike\/vi\/wp-json\/wp\/v2\/types\/product"}],"replies":[{"embeddable":true,"href":"https:\/\/menu.betoya.jp\/tameike\/vi\/wp-json\/wp\/v2\/comments?post=18074"}],"wp:attachment":[{"href":"https:\/\/menu.betoya.jp\/tameike\/vi\/wp-json\/wp\/v2\/media?parent=18074"}],"wp:term":[{"taxonomy":"product_cat","embeddable":true,"href":"https:\/\/menu.betoya.jp\/tameike\/vi\/wp-json\/wp\/v2\/product_cat?post=18074"},{"taxonomy":"product_tag","embeddable":true,"href":"https:\/\/menu.betoya.jp\/tameike\/vi\/wp-json\/wp\/v2\/product_tag?post=18074"},{"taxonomy":"menu-book","embeddable":true,"href":"https:\/\/menu.betoya.jp\/tameike\/vi\/wp-json\/wp\/v2\/menu-book?post=18074"}],"curies":[{"name":"wp","href":"https:\/\/api.w.org\/{rel}","templated":true}]}}