{"id":18069,"date":"2024-08-31T23:46:08","date_gmt":"2024-08-31T14:46:08","guid":{"rendered":"https:\/\/menu.betoya.jp\/tameike\/product\/canh-ga-chien-cay-ngot\/"},"modified":"2025-03-14T11:15:55","modified_gmt":"2025-03-14T02:15:55","slug":"canh-ga-chien-cay-ngot","status":"publish","type":"product","link":"https:\/\/menu.betoya.jp\/tameike\/vi\/product\/canh-ga-chien-cay-ngot\/","title":{"rendered":"C\u00e1nh g\u00e0 chi\u00ean cay ng\u1ecdt"},"content":{"rendered":"","protected":false},"excerpt":{"rendered":"","protected":false},"featured_media":0,"comment_status":"open","ping_status":"closed","template":"","meta":[],"product_cat":[306],"product_tag":[307],"menu-book":[],"class_list":{"0":"post-18069","1":"product","2":"type-product","3":"status-publish","5":"product_cat-mai-vom-mang-ve-nha","6":"product_tag-mai-vom-tokyo","8":"first","9":"instock","10":"taxable","11":"purchasable","12":"product-type-simple"},"distributor_meta":false,"distributor_terms":false,"distributor_media":false,"distributor_original_site_name":"Tameikesanno","distributor_original_site_url":"https:\/\/menu.betoya.jp\/tameike\/vi\/","push-errors":false,"_links":{"self":[{"href":"https:\/\/menu.betoya.jp\/tameike\/vi\/wp-json\/wp\/v2\/product\/18069","targetHints":{"allow":["GET"]}}],"collection":[{"href":"https:\/\/menu.betoya.jp\/tameike\/vi\/wp-json\/wp\/v2\/product"}],"about":[{"href":"https:\/\/menu.betoya.jp\/tameike\/vi\/wp-json\/wp\/v2\/types\/product"}],"replies":[{"embeddable":true,"href":"https:\/\/menu.betoya.jp\/tameike\/vi\/wp-json\/wp\/v2\/comments?post=18069"}],"wp:attachment":[{"href":"https:\/\/menu.betoya.jp\/tameike\/vi\/wp-json\/wp\/v2\/media?parent=18069"}],"wp:term":[{"taxonomy":"product_cat","embeddable":true,"href":"https:\/\/menu.betoya.jp\/tameike\/vi\/wp-json\/wp\/v2\/product_cat?post=18069"},{"taxonomy":"product_tag","embeddable":true,"href":"https:\/\/menu.betoya.jp\/tameike\/vi\/wp-json\/wp\/v2\/product_tag?post=18069"},{"taxonomy":"menu-book","embeddable":true,"href":"https:\/\/menu.betoya.jp\/tameike\/vi\/wp-json\/wp\/v2\/menu-book?post=18069"}],"curies":[{"name":"wp","href":"https:\/\/api.w.org\/{rel}","templated":true}]}}