{"id":18047,"date":"2024-09-02T01:52:15","date_gmt":"2024-09-01T16:52:15","guid":{"rendered":"https:\/\/menu.betoya.jp\/tameike\/product\/com-canh-ga-chien\/"},"modified":"2025-03-14T11:15:54","modified_gmt":"2025-03-14T02:15:54","slug":"com-canh-ga-chien","status":"publish","type":"product","link":"https:\/\/menu.betoya.jp\/tameike\/vi\/product\/com-canh-ga-chien\/","title":{"rendered":"c\u01a1m c\u00e1nh g\u00e0 chi\u00ean"},"content":{"rendered":"","protected":false},"excerpt":{"rendered":"","protected":false},"featured_media":0,"comment_status":"open","ping_status":"closed","template":"","meta":[],"product_cat":[304,306],"product_tag":[305,307],"menu-book":[],"class_list":{"0":"post-18047","1":"product","2":"type-product","3":"status-publish","5":"product_cat-ben-trong-bua-toi","6":"product_cat-mai-vom-mang-ve-nha","7":"product_tag-cua-hang-jimbocho","8":"product_tag-mai-vom-tokyo","10":"first","11":"instock","12":"taxable","13":"purchasable","14":"product-type-simple"},"distributor_meta":false,"distributor_terms":false,"distributor_media":false,"distributor_original_site_name":"Tameikesanno","distributor_original_site_url":"https:\/\/menu.betoya.jp\/tameike\/vi\/","push-errors":false,"_links":{"self":[{"href":"https:\/\/menu.betoya.jp\/tameike\/vi\/wp-json\/wp\/v2\/product\/18047","targetHints":{"allow":["GET"]}}],"collection":[{"href":"https:\/\/menu.betoya.jp\/tameike\/vi\/wp-json\/wp\/v2\/product"}],"about":[{"href":"https:\/\/menu.betoya.jp\/tameike\/vi\/wp-json\/wp\/v2\/types\/product"}],"replies":[{"embeddable":true,"href":"https:\/\/menu.betoya.jp\/tameike\/vi\/wp-json\/wp\/v2\/comments?post=18047"}],"wp:attachment":[{"href":"https:\/\/menu.betoya.jp\/tameike\/vi\/wp-json\/wp\/v2\/media?parent=18047"}],"wp:term":[{"taxonomy":"product_cat","embeddable":true,"href":"https:\/\/menu.betoya.jp\/tameike\/vi\/wp-json\/wp\/v2\/product_cat?post=18047"},{"taxonomy":"product_tag","embeddable":true,"href":"https:\/\/menu.betoya.jp\/tameike\/vi\/wp-json\/wp\/v2\/product_tag?post=18047"},{"taxonomy":"menu-book","embeddable":true,"href":"https:\/\/menu.betoya.jp\/tameike\/vi\/wp-json\/wp\/v2\/menu-book?post=18047"}],"curies":[{"name":"wp","href":"https:\/\/api.w.org\/{rel}","templated":true}]}}