{"id":18038,"date":"2024-10-09T20:26:13","date_gmt":"2024-10-09T11:26:13","guid":{"rendered":"https:\/\/menu.betoya.jp\/tameike\/product\/banh-mi-tom-bo-3\/"},"modified":"2025-03-14T11:15:56","modified_gmt":"2025-03-14T02:15:56","slug":"banh-mi-tom-bo-3","status":"publish","type":"product","link":"https:\/\/menu.betoya.jp\/tameike\/vi\/product\/banh-mi-tom-bo-3\/","title":{"rendered":"B\u00e1nh m\u00ec t\u00f4m b\u01a1"},"content":{"rendered":"","protected":false},"excerpt":{"rendered":"","protected":false},"featured_media":17993,"comment_status":"open","ping_status":"closed","template":"","meta":[],"product_cat":[276],"product_tag":[250],"menu-book":[],"class_list":{"0":"post-18038","1":"product","2":"type-product","3":"status-publish","4":"has-post-thumbnail","6":"product_cat-banh-mi-vi-2","7":"product_tag-tat-ca-cac-cua-hang","9":"first","10":"instock","11":"taxable","12":"purchasable","13":"product-type-composite"},"distributor_meta":false,"distributor_terms":false,"distributor_media":false,"distributor_original_site_name":"Tameikesanno","distributor_original_site_url":"https:\/\/menu.betoya.jp\/tameike\/vi\/","push-errors":false,"_links":{"self":[{"href":"https:\/\/menu.betoya.jp\/tameike\/vi\/wp-json\/wp\/v2\/product\/18038","targetHints":{"allow":["GET"]}}],"collection":[{"href":"https:\/\/menu.betoya.jp\/tameike\/vi\/wp-json\/wp\/v2\/product"}],"about":[{"href":"https:\/\/menu.betoya.jp\/tameike\/vi\/wp-json\/wp\/v2\/types\/product"}],"replies":[{"embeddable":true,"href":"https:\/\/menu.betoya.jp\/tameike\/vi\/wp-json\/wp\/v2\/comments?post=18038"}],"wp:featuredmedia":[{"embeddable":true,"href":"https:\/\/menu.betoya.jp\/tameike\/vi\/wp-json\/wp\/v2\/media\/17993"}],"wp:attachment":[{"href":"https:\/\/menu.betoya.jp\/tameike\/vi\/wp-json\/wp\/v2\/media?parent=18038"}],"wp:term":[{"taxonomy":"product_cat","embeddable":true,"href":"https:\/\/menu.betoya.jp\/tameike\/vi\/wp-json\/wp\/v2\/product_cat?post=18038"},{"taxonomy":"product_tag","embeddable":true,"href":"https:\/\/menu.betoya.jp\/tameike\/vi\/wp-json\/wp\/v2\/product_tag?post=18038"},{"taxonomy":"menu-book","embeddable":true,"href":"https:\/\/menu.betoya.jp\/tameike\/vi\/wp-json\/wp\/v2\/menu-book?post=18038"}],"curies":[{"name":"wp","href":"https:\/\/api.w.org\/{rel}","templated":true}]}}