{"id":18033,"date":"2024-12-03T00:10:54","date_gmt":"2024-12-02T15:10:54","guid":{"rendered":"https:\/\/menu.betoya.jp\/tameike\/product\/ca-vien-chien\/"},"modified":"2025-03-14T11:15:56","modified_gmt":"2025-03-14T02:15:56","slug":"ca-vien-chien","status":"publish","type":"product","link":"https:\/\/menu.betoya.jp\/tameike\/vi\/product\/ca-vien-chien\/","title":{"rendered":"c\u00e1 vi\u00ean chi\u00ean"},"content":{"rendered":"","protected":false},"excerpt":{"rendered":"","protected":false},"featured_media":18035,"comment_status":"open","ping_status":"closed","template":"","meta":[],"product_cat":[262],"product_tag":[250],"menu-book":[],"class_list":{"0":"post-18033","1":"product","2":"type-product","3":"status-publish","4":"has-post-thumbnail","6":"product_cat-dia-nho-cha-gio","7":"product_tag-tat-ca-cac-cua-hang","9":"first","10":"instock","11":"taxable","12":"shipping-taxable","13":"purchasable","14":"product-type-simple"},"distributor_meta":false,"distributor_terms":false,"distributor_media":false,"distributor_original_site_name":"Tameikesanno","distributor_original_site_url":"https:\/\/menu.betoya.jp\/tameike\/vi\/","push-errors":false,"_links":{"self":[{"href":"https:\/\/menu.betoya.jp\/tameike\/vi\/wp-json\/wp\/v2\/product\/18033","targetHints":{"allow":["GET"]}}],"collection":[{"href":"https:\/\/menu.betoya.jp\/tameike\/vi\/wp-json\/wp\/v2\/product"}],"about":[{"href":"https:\/\/menu.betoya.jp\/tameike\/vi\/wp-json\/wp\/v2\/types\/product"}],"replies":[{"embeddable":true,"href":"https:\/\/menu.betoya.jp\/tameike\/vi\/wp-json\/wp\/v2\/comments?post=18033"}],"wp:featuredmedia":[{"embeddable":true,"href":"https:\/\/menu.betoya.jp\/tameike\/vi\/wp-json\/wp\/v2\/media\/18035"}],"wp:attachment":[{"href":"https:\/\/menu.betoya.jp\/tameike\/vi\/wp-json\/wp\/v2\/media?parent=18033"}],"wp:term":[{"taxonomy":"product_cat","embeddable":true,"href":"https:\/\/menu.betoya.jp\/tameike\/vi\/wp-json\/wp\/v2\/product_cat?post=18033"},{"taxonomy":"product_tag","embeddable":true,"href":"https:\/\/menu.betoya.jp\/tameike\/vi\/wp-json\/wp\/v2\/product_tag?post=18033"},{"taxonomy":"menu-book","embeddable":true,"href":"https:\/\/menu.betoya.jp\/tameike\/vi\/wp-json\/wp\/v2\/menu-book?post=18033"}],"curies":[{"name":"wp","href":"https:\/\/api.w.org\/{rel}","templated":true}]}}