{"id":18027,"date":"2024-12-03T00:11:04","date_gmt":"2024-12-02T15:11:04","guid":{"rendered":"https:\/\/menu.betoya.jp\/tameike\/product\/doi-sun\/"},"modified":"2025-03-14T11:15:56","modified_gmt":"2025-03-14T02:15:56","slug":"doi-sun","status":"publish","type":"product","link":"https:\/\/menu.betoya.jp\/tameike\/vi\/product\/doi-sun\/","title":{"rendered":"D\u1ed3i s\u1ee5n"},"content":{"rendered":"","protected":false},"excerpt":{"rendered":"<p>\u1ede Vi\u1ec7t Nam c\u0169ng c\u00f3 nhi\u1ec1u lo\u1ea1i x\u00fac x\u00edch kh\u00e1c nhau! M\u1eddi c\u00e1c b\u1ea1n th\u01b0\u1edfng th\u1ee9c m\u1ed9t ph\u1ea7n v\u0103n h\u00f3a \u1ea9m th\u1ef1c Vi\u1ec7t Nam t\u1ea1i Vietya.<\/p>\n","protected":false},"featured_media":18029,"comment_status":"open","ping_status":"closed","template":"","meta":[],"product_cat":[262],"product_tag":[301],"menu-book":[],"class_list":{"0":"post-18027","1":"product","2":"type-product","3":"status-publish","4":"has-post-thumbnail","6":"product_cat-dia-nho-cha-gio","7":"product_tag-cua-hang-hongo","9":"first","10":"instock","11":"taxable","12":"purchasable","13":"product-type-simple"},"distributor_meta":false,"distributor_terms":false,"distributor_media":false,"distributor_original_site_name":"Tameikesanno","distributor_original_site_url":"https:\/\/menu.betoya.jp\/tameike\/vi\/","push-errors":false,"_links":{"self":[{"href":"https:\/\/menu.betoya.jp\/tameike\/vi\/wp-json\/wp\/v2\/product\/18027","targetHints":{"allow":["GET"]}}],"collection":[{"href":"https:\/\/menu.betoya.jp\/tameike\/vi\/wp-json\/wp\/v2\/product"}],"about":[{"href":"https:\/\/menu.betoya.jp\/tameike\/vi\/wp-json\/wp\/v2\/types\/product"}],"replies":[{"embeddable":true,"href":"https:\/\/menu.betoya.jp\/tameike\/vi\/wp-json\/wp\/v2\/comments?post=18027"}],"wp:featuredmedia":[{"embeddable":true,"href":"https:\/\/menu.betoya.jp\/tameike\/vi\/wp-json\/wp\/v2\/media\/18029"}],"wp:attachment":[{"href":"https:\/\/menu.betoya.jp\/tameike\/vi\/wp-json\/wp\/v2\/media?parent=18027"}],"wp:term":[{"taxonomy":"product_cat","embeddable":true,"href":"https:\/\/menu.betoya.jp\/tameike\/vi\/wp-json\/wp\/v2\/product_cat?post=18027"},{"taxonomy":"product_tag","embeddable":true,"href":"https:\/\/menu.betoya.jp\/tameike\/vi\/wp-json\/wp\/v2\/product_tag?post=18027"},{"taxonomy":"menu-book","embeddable":true,"href":"https:\/\/menu.betoya.jp\/tameike\/vi\/wp-json\/wp\/v2\/menu-book?post=18027"}],"curies":[{"name":"wp","href":"https:\/\/api.w.org\/{rel}","templated":true}]}}