{"id":18024,"date":"2024-12-03T00:11:09","date_gmt":"2024-12-02T15:11:09","guid":{"rendered":"https:\/\/menu.betoya.jp\/tameike\/product\/nem-chua-ran\/"},"modified":"2025-03-14T11:15:56","modified_gmt":"2025-03-14T02:15:56","slug":"nem-chua-ran","status":"publish","type":"product","link":"https:\/\/menu.betoya.jp\/tameike\/vi\/product\/nem-chua-ran\/","title":{"rendered":"nem chua r\u00e1n"},"content":{"rendered":"","protected":false},"excerpt":{"rendered":"<p>N\u00f3 c\u00f3 v\u1ecb chua v\u00e0 cay v\u00e0 \u0111\u01b0\u1ee3c khuy\u00ean d\u00f9ng nh\u01b0 m\u1ed9t m\u00f3n \u0103n nh\u1eb9!<\/p>\n","protected":false},"featured_media":18026,"comment_status":"open","ping_status":"closed","template":"","meta":[],"product_cat":[262],"product_tag":[301],"menu-book":[],"class_list":{"0":"post-18024","1":"product","2":"type-product","3":"status-publish","4":"has-post-thumbnail","6":"product_cat-dia-nho-cha-gio","7":"product_tag-cua-hang-hongo","9":"first","10":"instock","11":"taxable","12":"shipping-taxable","13":"purchasable","14":"product-type-simple"},"distributor_meta":false,"distributor_terms":false,"distributor_media":false,"distributor_original_site_name":"Tameikesanno","distributor_original_site_url":"https:\/\/menu.betoya.jp\/tameike\/vi\/","push-errors":false,"_links":{"self":[{"href":"https:\/\/menu.betoya.jp\/tameike\/vi\/wp-json\/wp\/v2\/product\/18024","targetHints":{"allow":["GET"]}}],"collection":[{"href":"https:\/\/menu.betoya.jp\/tameike\/vi\/wp-json\/wp\/v2\/product"}],"about":[{"href":"https:\/\/menu.betoya.jp\/tameike\/vi\/wp-json\/wp\/v2\/types\/product"}],"replies":[{"embeddable":true,"href":"https:\/\/menu.betoya.jp\/tameike\/vi\/wp-json\/wp\/v2\/comments?post=18024"}],"wp:featuredmedia":[{"embeddable":true,"href":"https:\/\/menu.betoya.jp\/tameike\/vi\/wp-json\/wp\/v2\/media\/18026"}],"wp:attachment":[{"href":"https:\/\/menu.betoya.jp\/tameike\/vi\/wp-json\/wp\/v2\/media?parent=18024"}],"wp:term":[{"taxonomy":"product_cat","embeddable":true,"href":"https:\/\/menu.betoya.jp\/tameike\/vi\/wp-json\/wp\/v2\/product_cat?post=18024"},{"taxonomy":"product_tag","embeddable":true,"href":"https:\/\/menu.betoya.jp\/tameike\/vi\/wp-json\/wp\/v2\/product_tag?post=18024"},{"taxonomy":"menu-book","embeddable":true,"href":"https:\/\/menu.betoya.jp\/tameike\/vi\/wp-json\/wp\/v2\/menu-book?post=18024"}],"curies":[{"name":"wp","href":"https:\/\/api.w.org\/{rel}","templated":true}]}}