{"id":17954,"date":"2024-12-03T00:23:52","date_gmt":"2024-12-02T15:23:52","guid":{"rendered":"https:\/\/menu.betoya.jp\/tameike\/product\/ca-phe-da\/"},"modified":"2025-03-14T11:15:57","modified_gmt":"2025-03-14T02:15:57","slug":"ca-phe-da","status":"publish","type":"product","link":"https:\/\/menu.betoya.jp\/tameike\/vi\/product\/ca-phe-da\/","title":{"rendered":"c\u00e0 ph\u00ea \u0111\u00e1"},"content":{"rendered":"","protected":false},"excerpt":{"rendered":"","protected":false},"featured_media":0,"comment_status":"open","ping_status":"closed","template":"","meta":[],"product_cat":[279,273],"product_tag":[284],"menu-book":[],"class_list":{"0":"post-17954","1":"product","2":"type-product","3":"status-publish","5":"product_cat-chua-duoc-phan-loai","6":"product_cat-doi-voi-cac-tuy-chon","7":"product_tag-opgrp016-ca-phe-nong-da","9":"first","10":"instock","11":"taxable","12":"purchasable","13":"product-type-simple"},"distributor_meta":false,"distributor_terms":false,"distributor_media":false,"distributor_original_site_name":"Tameikesanno","distributor_original_site_url":"https:\/\/menu.betoya.jp\/tameike\/vi\/","push-errors":false,"_links":{"self":[{"href":"https:\/\/menu.betoya.jp\/tameike\/vi\/wp-json\/wp\/v2\/product\/17954","targetHints":{"allow":["GET"]}}],"collection":[{"href":"https:\/\/menu.betoya.jp\/tameike\/vi\/wp-json\/wp\/v2\/product"}],"about":[{"href":"https:\/\/menu.betoya.jp\/tameike\/vi\/wp-json\/wp\/v2\/types\/product"}],"replies":[{"embeddable":true,"href":"https:\/\/menu.betoya.jp\/tameike\/vi\/wp-json\/wp\/v2\/comments?post=17954"}],"wp:attachment":[{"href":"https:\/\/menu.betoya.jp\/tameike\/vi\/wp-json\/wp\/v2\/media?parent=17954"}],"wp:term":[{"taxonomy":"product_cat","embeddable":true,"href":"https:\/\/menu.betoya.jp\/tameike\/vi\/wp-json\/wp\/v2\/product_cat?post=17954"},{"taxonomy":"product_tag","embeddable":true,"href":"https:\/\/menu.betoya.jp\/tameike\/vi\/wp-json\/wp\/v2\/product_tag?post=17954"},{"taxonomy":"menu-book","embeddable":true,"href":"https:\/\/menu.betoya.jp\/tameike\/vi\/wp-json\/wp\/v2\/menu-book?post=17954"}],"curies":[{"name":"wp","href":"https:\/\/api.w.org\/{rel}","templated":true}]}}