{"id":17828,"date":"2022-09-05T11:39:20","date_gmt":"2022-09-05T02:39:20","guid":{"rendered":"https:\/\/menu.betoya.jp\/tameike\/product\/bun-ga-la-chanh-2\/"},"modified":"2025-03-14T11:15:52","modified_gmt":"2025-03-14T02:15:52","slug":"bun-ga-la-chanh-2","status":"publish","type":"product","link":"https:\/\/menu.betoya.jp\/tameike\/vi\/product\/bun-ga-la-chanh-2\/","title":{"rendered":"b\u00fan g\u00e0 l\u00e1 chanh"},"content":{"rendered":"","protected":false},"excerpt":{"rendered":"<p>\u1ede Vi\u1ec7t Nam, l\u00e1 chanh \u0111\u01b0\u1ee3c g\u1ecdi l\u00e0 b\u1ea1n \u0111\u1ed3ng h\u00e0nh c\u1ee7a g\u00e0. B\u00fan ph\u1ee7 th\u1ecbt g\u00e0 t\u1ea9m gia v\u1ecb n\u01b0\u1edbng l\u00e1 chanh x\u00e9 nh\u1ecf.<\/p>\n","protected":false},"featured_media":17834,"comment_status":"open","ping_status":"closed","template":"","meta":[],"product_cat":[264,267],"product_tag":[250],"menu-book":[],"class_list":{"0":"post-17828","1":"product","2":"type-product","3":"status-publish","4":"has-post-thumbnail","6":"product_cat-bum-vi-2","7":"product_cat-bum-vi-4","8":"product_tag-tat-ca-cac-cua-hang","10":"first","11":"instock","12":"taxable","13":"shipping-taxable","14":"purchasable","15":"product-type-simple"},"distributor_meta":false,"distributor_terms":false,"distributor_media":false,"distributor_original_site_name":"Tameikesanno","distributor_original_site_url":"https:\/\/menu.betoya.jp\/tameike\/vi\/","push-errors":false,"_links":{"self":[{"href":"https:\/\/menu.betoya.jp\/tameike\/vi\/wp-json\/wp\/v2\/product\/17828","targetHints":{"allow":["GET"]}}],"collection":[{"href":"https:\/\/menu.betoya.jp\/tameike\/vi\/wp-json\/wp\/v2\/product"}],"about":[{"href":"https:\/\/menu.betoya.jp\/tameike\/vi\/wp-json\/wp\/v2\/types\/product"}],"replies":[{"embeddable":true,"href":"https:\/\/menu.betoya.jp\/tameike\/vi\/wp-json\/wp\/v2\/comments?post=17828"}],"wp:featuredmedia":[{"embeddable":true,"href":"https:\/\/menu.betoya.jp\/tameike\/vi\/wp-json\/wp\/v2\/media\/17834"}],"wp:attachment":[{"href":"https:\/\/menu.betoya.jp\/tameike\/vi\/wp-json\/wp\/v2\/media?parent=17828"}],"wp:term":[{"taxonomy":"product_cat","embeddable":true,"href":"https:\/\/menu.betoya.jp\/tameike\/vi\/wp-json\/wp\/v2\/product_cat?post=17828"},{"taxonomy":"product_tag","embeddable":true,"href":"https:\/\/menu.betoya.jp\/tameike\/vi\/wp-json\/wp\/v2\/product_tag?post=17828"},{"taxonomy":"menu-book","embeddable":true,"href":"https:\/\/menu.betoya.jp\/tameike\/vi\/wp-json\/wp\/v2\/menu-book?post=17828"}],"curies":[{"name":"wp","href":"https:\/\/api.w.org\/{rel}","templated":true}]}}