{"id":17826,"date":"2022-09-05T11:55:00","date_gmt":"2022-09-05T02:55:00","guid":{"rendered":"https:\/\/menu.betoya.jp\/tameike\/product\/banh-mi-dac-biet\/"},"modified":"2025-03-14T11:15:53","modified_gmt":"2025-03-14T02:15:53","slug":"banh-mi-dac-biet","status":"publish","type":"product","link":"https:\/\/menu.betoya.jp\/tameike\/vi\/product\/banh-mi-dac-biet\/","title":{"rendered":"B\u00e1nh m\u00ec \u0111\u1eb7c bi\u1ec7t"},"content":{"rendered":"","protected":false},"excerpt":{"rendered":"<p>Nh\u00e2n th\u1ecbt heo n\u01b0\u1edbng, gi\u0103m b\u00f4ng, c\u1ee7 c\u1ea3i daikon v\u00e0 c\u00e0 r\u1ed1t (ng\u00e2m chua ng\u1ecdt), ph\u1ebft b\u01a1 h\u00e0nh t\u00e2y v\u00e0 gan heo.<\/p>\n","protected":false},"featured_media":17831,"comment_status":"open","ping_status":"closed","template":"","meta":[],"product_cat":[276],"product_tag":[250],"menu-book":[],"class_list":{"0":"post-17826","1":"product","2":"type-product","3":"status-publish","4":"has-post-thumbnail","6":"product_cat-banh-mi-vi-2","7":"product_tag-tat-ca-cac-cua-hang","9":"first","10":"instock","11":"taxable","12":"shipping-taxable","13":"purchasable","14":"product-type-simple"},"distributor_meta":false,"distributor_terms":false,"distributor_media":false,"distributor_original_site_name":"Tameikesanno","distributor_original_site_url":"https:\/\/menu.betoya.jp\/tameike\/vi\/","push-errors":false,"_links":{"self":[{"href":"https:\/\/menu.betoya.jp\/tameike\/vi\/wp-json\/wp\/v2\/product\/17826","targetHints":{"allow":["GET"]}}],"collection":[{"href":"https:\/\/menu.betoya.jp\/tameike\/vi\/wp-json\/wp\/v2\/product"}],"about":[{"href":"https:\/\/menu.betoya.jp\/tameike\/vi\/wp-json\/wp\/v2\/types\/product"}],"replies":[{"embeddable":true,"href":"https:\/\/menu.betoya.jp\/tameike\/vi\/wp-json\/wp\/v2\/comments?post=17826"}],"wp:featuredmedia":[{"embeddable":true,"href":"https:\/\/menu.betoya.jp\/tameike\/vi\/wp-json\/wp\/v2\/media\/17831"}],"wp:attachment":[{"href":"https:\/\/menu.betoya.jp\/tameike\/vi\/wp-json\/wp\/v2\/media?parent=17826"}],"wp:term":[{"taxonomy":"product_cat","embeddable":true,"href":"https:\/\/menu.betoya.jp\/tameike\/vi\/wp-json\/wp\/v2\/product_cat?post=17826"},{"taxonomy":"product_tag","embeddable":true,"href":"https:\/\/menu.betoya.jp\/tameike\/vi\/wp-json\/wp\/v2\/product_tag?post=17826"},{"taxonomy":"menu-book","embeddable":true,"href":"https:\/\/menu.betoya.jp\/tameike\/vi\/wp-json\/wp\/v2\/menu-book?post=17826"}],"curies":[{"name":"wp","href":"https:\/\/api.w.org\/{rel}","templated":true}]}}