{"id":17728,"date":"2022-07-23T12:07:46","date_gmt":"2022-07-23T03:07:46","guid":{"rendered":"https:\/\/menu.betoya.jp\/tameike\/product\/bun-cha-gio\/"},"modified":"2025-03-14T11:15:52","modified_gmt":"2025-03-14T02:15:52","slug":"bun-cha-gio","status":"publish","type":"product","link":"https:\/\/menu.betoya.jp\/tameike\/vi\/product\/bun-cha-gio\/","title":{"rendered":"b\u00fan ch\u1ea3 gi\u00f2"},"content":{"rendered":"","protected":false},"excerpt":{"rendered":"<p>M\u1ed9t m\u00f3n \u0103n Vi\u1ec7t Nam g\u1ed3m nem r\u00e1n, m\u1ed9t m\u00f3n \u0103n ph\u1ed5 bi\u1ebfn \u1edf Nh\u1eadt B\u1ea3n, \u0111\u01b0\u1ee3c \u0111\u1eb7t tr\u00ean s\u1ee3i b\u00fan m\u1ecfng g\u1ecdi l\u00e0 b\u00e1nh bao v\u00e0 \u0103n v\u1edbi n\u01b0\u1edbc s\u1ed1t t\u1ef1 l\u00e0m.<\/p>\n","protected":false},"featured_media":17738,"comment_status":"open","ping_status":"closed","template":"","meta":[],"product_cat":[255,252],"product_tag":[250],"menu-book":[],"class_list":{"0":"post-17728","1":"product","2":"type-product","3":"status-publish","4":"has-post-thumbnail","6":"product_cat-bum-vi","7":"product_cat-tang-kem-nuoc-sot-mang-ve","8":"product_tag-tat-ca-cac-cua-hang","10":"first","11":"instock","12":"taxable","13":"shipping-taxable","14":"purchasable","15":"product-type-composite"},"distributor_meta":false,"distributor_terms":false,"distributor_media":false,"distributor_original_site_name":"Tameikesanno","distributor_original_site_url":"https:\/\/menu.betoya.jp\/tameike\/vi\/","push-errors":false,"_links":{"self":[{"href":"https:\/\/menu.betoya.jp\/tameike\/vi\/wp-json\/wp\/v2\/product\/17728","targetHints":{"allow":["GET"]}}],"collection":[{"href":"https:\/\/menu.betoya.jp\/tameike\/vi\/wp-json\/wp\/v2\/product"}],"about":[{"href":"https:\/\/menu.betoya.jp\/tameike\/vi\/wp-json\/wp\/v2\/types\/product"}],"replies":[{"embeddable":true,"href":"https:\/\/menu.betoya.jp\/tameike\/vi\/wp-json\/wp\/v2\/comments?post=17728"}],"wp:featuredmedia":[{"embeddable":true,"href":"https:\/\/menu.betoya.jp\/tameike\/vi\/wp-json\/wp\/v2\/media\/17738"}],"wp:attachment":[{"href":"https:\/\/menu.betoya.jp\/tameike\/vi\/wp-json\/wp\/v2\/media?parent=17728"}],"wp:term":[{"taxonomy":"product_cat","embeddable":true,"href":"https:\/\/menu.betoya.jp\/tameike\/vi\/wp-json\/wp\/v2\/product_cat?post=17728"},{"taxonomy":"product_tag","embeddable":true,"href":"https:\/\/menu.betoya.jp\/tameike\/vi\/wp-json\/wp\/v2\/product_tag?post=17728"},{"taxonomy":"menu-book","embeddable":true,"href":"https:\/\/menu.betoya.jp\/tameike\/vi\/wp-json\/wp\/v2\/menu-book?post=17728"}],"curies":[{"name":"wp","href":"https:\/\/api.w.org\/{rel}","templated":true}]}}