{"id":39272,"date":"2025-06-26T23:15:53","date_gmt":"2025-06-26T14:15:53","guid":{"rendered":"https:\/\/menu.betoya.jp\/ningyocho\/product\/tra-dao\/"},"modified":"2025-07-20T23:56:44","modified_gmt":"2025-07-20T14:56:44","slug":"tra-dao","status":"publish","type":"product","link":"https:\/\/menu.betoya.jp\/ningyocho\/vi\/product\/tra-dao\/","title":{"rendered":"Tr\u00e0 \u0111\u00e0o"},"content":{"rendered":"","protected":false},"excerpt":{"rendered":"","protected":false},"featured_media":0,"comment_status":"closed","ping_status":"closed","template":"","meta":[],"product_cat":[352,400],"product_tag":[],"menu-book":[],"class_list":{"0":"post-39272","1":"product","2":"type-product","3":"status-publish","5":"product_cat-mon-trang-mieng-do-uong-vi-5","6":"product_cat-mon-trang-mieng-do-uong-vi-7","8":"first","9":"instock","10":"taxable","11":"purchasable","12":"product-type-simple"},"distributor_meta":false,"distributor_terms":false,"distributor_media":false,"distributor_original_site_name":"Ningyocho","distributor_original_site_url":"https:\/\/menu.betoya.jp\/ningyocho\/vi\/","push-errors":false,"_links":{"self":[{"href":"https:\/\/menu.betoya.jp\/ningyocho\/vi\/wp-json\/wp\/v2\/product\/39272","targetHints":{"allow":["GET"]}}],"collection":[{"href":"https:\/\/menu.betoya.jp\/ningyocho\/vi\/wp-json\/wp\/v2\/product"}],"about":[{"href":"https:\/\/menu.betoya.jp\/ningyocho\/vi\/wp-json\/wp\/v2\/types\/product"}],"replies":[{"embeddable":true,"href":"https:\/\/menu.betoya.jp\/ningyocho\/vi\/wp-json\/wp\/v2\/comments?post=39272"}],"wp:attachment":[{"href":"https:\/\/menu.betoya.jp\/ningyocho\/vi\/wp-json\/wp\/v2\/media?parent=39272"}],"wp:term":[{"taxonomy":"product_cat","embeddable":true,"href":"https:\/\/menu.betoya.jp\/ningyocho\/vi\/wp-json\/wp\/v2\/product_cat?post=39272"},{"taxonomy":"product_tag","embeddable":true,"href":"https:\/\/menu.betoya.jp\/ningyocho\/vi\/wp-json\/wp\/v2\/product_tag?post=39272"},{"taxonomy":"menu-book","embeddable":true,"href":"https:\/\/menu.betoya.jp\/ningyocho\/vi\/wp-json\/wp\/v2\/menu-book?post=39272"}],"curies":[{"name":"wp","href":"https:\/\/api.w.org\/{rel}","templated":true}]}}