{"id":26802,"date":"2024-10-28T11:07:10","date_gmt":"2024-10-28T02:07:10","guid":{"rendered":"https:\/\/menu.betoya.jp\/ningyocho\/product\/banh-mi-ga-la-chanh-3\/"},"modified":"2025-07-20T23:56:34","modified_gmt":"2025-07-20T14:56:34","slug":"banh-mi-ga-la-chanh-3","status":"publish","type":"product","link":"https:\/\/menu.betoya.jp\/ningyocho\/vi\/product\/banh-mi-ga-la-chanh-3\/","title":{"rendered":"B\u00e1nh m\u00ec g\u00e0 n\u01b0\u1edbng l\u00e1 chanh"},"content":{"rendered":"","protected":false},"excerpt":{"rendered":"<p>K\u1eb9p v\u1edbi th\u1ecbt g\u00e0 n\u01b0\u1edbng, c\u1ee7 c\u1ea3i daikon v\u00e0 c\u00e0 r\u1ed1t (ng\u00e2m chua ng\u1ecdt), ph\u1ebft b\u01a1 h\u00e0nh t\u00e2y v\u00e0 gan heo th\u1ee7 c\u00f4ng l\u00ean tr\u00ean.<\/p>\n","protected":false},"featured_media":26481,"comment_status":"open","ping_status":"closed","template":"","meta":[],"product_cat":[419],"product_tag":[332],"menu-book":[],"class_list":{"0":"post-26802","1":"product","2":"type-product","3":"status-publish","4":"has-post-thumbnail","6":"product_cat-banh-mi-vi-3","7":"product_tag-tat-ca-cac-cua-hang-vi","9":"first","10":"instock","11":"taxable","12":"purchasable","13":"product-type-composite"},"distributor_meta":false,"distributor_terms":false,"distributor_media":false,"distributor_original_site_name":"Ningyocho","distributor_original_site_url":"https:\/\/menu.betoya.jp\/ningyocho\/vi\/","push-errors":false,"_links":{"self":[{"href":"https:\/\/menu.betoya.jp\/ningyocho\/vi\/wp-json\/wp\/v2\/product\/26802","targetHints":{"allow":["GET"]}}],"collection":[{"href":"https:\/\/menu.betoya.jp\/ningyocho\/vi\/wp-json\/wp\/v2\/product"}],"about":[{"href":"https:\/\/menu.betoya.jp\/ningyocho\/vi\/wp-json\/wp\/v2\/types\/product"}],"replies":[{"embeddable":true,"href":"https:\/\/menu.betoya.jp\/ningyocho\/vi\/wp-json\/wp\/v2\/comments?post=26802"}],"wp:featuredmedia":[{"embeddable":true,"href":"https:\/\/menu.betoya.jp\/ningyocho\/vi\/wp-json\/wp\/v2\/media\/26481"}],"wp:attachment":[{"href":"https:\/\/menu.betoya.jp\/ningyocho\/vi\/wp-json\/wp\/v2\/media?parent=26802"}],"wp:term":[{"taxonomy":"product_cat","embeddable":true,"href":"https:\/\/menu.betoya.jp\/ningyocho\/vi\/wp-json\/wp\/v2\/product_cat?post=26802"},{"taxonomy":"product_tag","embeddable":true,"href":"https:\/\/menu.betoya.jp\/ningyocho\/vi\/wp-json\/wp\/v2\/product_tag?post=26802"},{"taxonomy":"menu-book","embeddable":true,"href":"https:\/\/menu.betoya.jp\/ningyocho\/vi\/wp-json\/wp\/v2\/menu-book?post=26802"}],"curies":[{"name":"wp","href":"https:\/\/api.w.org\/{rel}","templated":true}]}}