{"id":26695,"date":"2024-10-23T23:41:09","date_gmt":"2024-10-23T14:41:09","guid":{"rendered":"https:\/\/menu.betoya.jp\/ningyocho\/product\/pho-ga-6\/"},"modified":"2025-07-20T23:56:34","modified_gmt":"2025-07-20T14:56:34","slug":"pho-ga-6","status":"publish","type":"product","link":"https:\/\/menu.betoya.jp\/ningyocho\/vi\/product\/pho-ga-6\/","title":{"rendered":"ph\u1edf g\u00e0"},"content":{"rendered":"","protected":false},"excerpt":{"rendered":"<p>Kh\u00f4ng gi\u1ed1ng nh\u01b0 ph\u1edf b\u00f2, m\u1ecdi th\u1ee9 t\u1eeb n\u01b0\u1edbc s\u00fap \u0111\u1ebfn th\u1ecbt \u0111\u1ec1u \u0111\u01b0\u1ee3c l\u00e0m b\u1eb1ng th\u1ecbt g\u00e0. S\u00fap \u0111\u01b0\u1ee3c \u0111\u1eb7c tr\u01b0ng b\u1edfi t\u00ednh minh b\u1ea1ch c\u1ee7a n\u00f3.<\/p>\n","protected":false},"featured_media":26696,"comment_status":"open","ping_status":"closed","template":"","meta":[],"product_cat":[417,418],"product_tag":[332],"menu-book":[],"class_list":{"0":"post-26695","1":"product","2":"type-product","3":"status-publish","4":"has-post-thumbnail","6":"product_cat-bon-vi-8","7":"product_cat-bon-vi-9","8":"product_tag-tat-ca-cac-cua-hang-vi","10":"first","11":"instock","12":"taxable","13":"purchasable","14":"product-type-composite"},"distributor_meta":false,"distributor_terms":false,"distributor_media":false,"distributor_original_site_name":"Ningyocho","distributor_original_site_url":"https:\/\/menu.betoya.jp\/ningyocho\/vi\/","push-errors":false,"_links":{"self":[{"href":"https:\/\/menu.betoya.jp\/ningyocho\/vi\/wp-json\/wp\/v2\/product\/26695","targetHints":{"allow":["GET"]}}],"collection":[{"href":"https:\/\/menu.betoya.jp\/ningyocho\/vi\/wp-json\/wp\/v2\/product"}],"about":[{"href":"https:\/\/menu.betoya.jp\/ningyocho\/vi\/wp-json\/wp\/v2\/types\/product"}],"replies":[{"embeddable":true,"href":"https:\/\/menu.betoya.jp\/ningyocho\/vi\/wp-json\/wp\/v2\/comments?post=26695"}],"wp:featuredmedia":[{"embeddable":true,"href":"https:\/\/menu.betoya.jp\/ningyocho\/vi\/wp-json\/wp\/v2\/media\/26696"}],"wp:attachment":[{"href":"https:\/\/menu.betoya.jp\/ningyocho\/vi\/wp-json\/wp\/v2\/media?parent=26695"}],"wp:term":[{"taxonomy":"product_cat","embeddable":true,"href":"https:\/\/menu.betoya.jp\/ningyocho\/vi\/wp-json\/wp\/v2\/product_cat?post=26695"},{"taxonomy":"product_tag","embeddable":true,"href":"https:\/\/menu.betoya.jp\/ningyocho\/vi\/wp-json\/wp\/v2\/product_tag?post=26695"},{"taxonomy":"menu-book","embeddable":true,"href":"https:\/\/menu.betoya.jp\/ningyocho\/vi\/wp-json\/wp\/v2\/menu-book?post=26695"}],"curies":[{"name":"wp","href":"https:\/\/api.w.org\/{rel}","templated":true}]}}