{"id":26683,"date":"2024-10-28T11:53:16","date_gmt":"2024-10-28T02:53:16","guid":{"rendered":"https:\/\/menu.betoya.jp\/ningyocho\/product\/banh-mi-va-voi-nuoc-mini\/"},"modified":"2025-07-20T23:56:40","modified_gmt":"2025-07-20T14:56:40","slug":"banh-mi-va-voi-nuoc-mini","status":"publish","type":"product","link":"https:\/\/menu.betoya.jp\/ningyocho\/vi\/product\/banh-mi-va-voi-nuoc-mini\/","title":{"rendered":"Set b\u00e1nh m\u00ec v\u00e0 ph\u1edf mini"},"content":{"rendered":"","protected":false},"excerpt":{"rendered":"","protected":false},"featured_media":26684,"comment_status":"open","ping_status":"closed","template":"","meta":[],"product_cat":[336,342,416],"product_tag":[332],"menu-book":[],"class_list":{"0":"post-26683","1":"product","2":"type-product","3":"status-publish","4":"has-post-thumbnail","6":"product_cat-chua-duoc-phan-loai-vi","7":"product_cat-su-gioi-thieu-vi-2","8":"product_cat-bo-do-an-trua","9":"product_tag-tat-ca-cac-cua-hang-vi","11":"first","12":"instock","13":"taxable","14":"purchasable","15":"product-type-composite"},"distributor_meta":false,"distributor_terms":false,"distributor_media":false,"distributor_original_site_name":"Ningyocho","distributor_original_site_url":"https:\/\/menu.betoya.jp\/ningyocho\/vi\/","push-errors":false,"_links":{"self":[{"href":"https:\/\/menu.betoya.jp\/ningyocho\/vi\/wp-json\/wp\/v2\/product\/26683","targetHints":{"allow":["GET"]}}],"collection":[{"href":"https:\/\/menu.betoya.jp\/ningyocho\/vi\/wp-json\/wp\/v2\/product"}],"about":[{"href":"https:\/\/menu.betoya.jp\/ningyocho\/vi\/wp-json\/wp\/v2\/types\/product"}],"replies":[{"embeddable":true,"href":"https:\/\/menu.betoya.jp\/ningyocho\/vi\/wp-json\/wp\/v2\/comments?post=26683"}],"wp:featuredmedia":[{"embeddable":true,"href":"https:\/\/menu.betoya.jp\/ningyocho\/vi\/wp-json\/wp\/v2\/media\/26684"}],"wp:attachment":[{"href":"https:\/\/menu.betoya.jp\/ningyocho\/vi\/wp-json\/wp\/v2\/media?parent=26683"}],"wp:term":[{"taxonomy":"product_cat","embeddable":true,"href":"https:\/\/menu.betoya.jp\/ningyocho\/vi\/wp-json\/wp\/v2\/product_cat?post=26683"},{"taxonomy":"product_tag","embeddable":true,"href":"https:\/\/menu.betoya.jp\/ningyocho\/vi\/wp-json\/wp\/v2\/product_tag?post=26683"},{"taxonomy":"menu-book","embeddable":true,"href":"https:\/\/menu.betoya.jp\/ningyocho\/vi\/wp-json\/wp\/v2\/menu-book?post=26683"}],"curies":[{"name":"wp","href":"https:\/\/api.w.org\/{rel}","templated":true}]}}