{"id":26650,"date":"2024-10-23T23:43:52","date_gmt":"2024-10-23T14:43:52","guid":{"rendered":"https:\/\/menu.betoya.jp\/ningyocho\/product\/bun-cha-gio-2\/"},"modified":"2025-07-20T23:56:35","modified_gmt":"2025-07-20T14:56:35","slug":"bun-cha-gio-2","status":"publish","type":"product","link":"https:\/\/menu.betoya.jp\/ningyocho\/vi\/product\/bun-cha-gio-2\/","title":{"rendered":"B\u00fan nem r\u00e1n"},"content":{"rendered":"","protected":false},"excerpt":{"rendered":"<p>M\u1ed9t m\u00f3n \u0103n Vi\u1ec7t Nam g\u1ed3m nem r\u00e1n, m\u1ed9t m\u00f3n \u0103n ph\u1ed5 bi\u1ebfn \u1edf Nh\u1eadt B\u1ea3n, \u0111\u01b0\u1ee3c \u0111\u1eb7t tr\u00ean s\u1ee3i b\u00fan m\u1ecfng g\u1ecdi l\u00e0 b\u00e1nh bao v\u00e0 \u0103n v\u1edbi n\u01b0\u1edbc s\u1ed1t t\u1ef1 l\u00e0m.<\/p>\n","protected":false},"featured_media":26509,"comment_status":"open","ping_status":"closed","template":"","meta":[],"product_cat":[410,411,348,391],"product_tag":[332],"menu-book":[],"class_list":{"0":"post-26650","1":"product","2":"type-product","3":"status-publish","4":"has-post-thumbnail","6":"product_cat-bum-vi-4","7":"product_cat-bum-vi-5","8":"product_cat-tieng-vo-ve","9":"product_cat-de-xuat-trang-chu-vi","10":"product_tag-tat-ca-cac-cua-hang-vi","12":"first","13":"instock","14":"taxable","15":"purchasable","16":"product-type-composite"},"distributor_meta":false,"distributor_terms":false,"distributor_media":false,"distributor_original_site_name":"Ningyocho","distributor_original_site_url":"https:\/\/menu.betoya.jp\/ningyocho\/vi\/","push-errors":false,"_links":{"self":[{"href":"https:\/\/menu.betoya.jp\/ningyocho\/vi\/wp-json\/wp\/v2\/product\/26650","targetHints":{"allow":["GET"]}}],"collection":[{"href":"https:\/\/menu.betoya.jp\/ningyocho\/vi\/wp-json\/wp\/v2\/product"}],"about":[{"href":"https:\/\/menu.betoya.jp\/ningyocho\/vi\/wp-json\/wp\/v2\/types\/product"}],"replies":[{"embeddable":true,"href":"https:\/\/menu.betoya.jp\/ningyocho\/vi\/wp-json\/wp\/v2\/comments?post=26650"}],"wp:featuredmedia":[{"embeddable":true,"href":"https:\/\/menu.betoya.jp\/ningyocho\/vi\/wp-json\/wp\/v2\/media\/26509"}],"wp:attachment":[{"href":"https:\/\/menu.betoya.jp\/ningyocho\/vi\/wp-json\/wp\/v2\/media?parent=26650"}],"wp:term":[{"taxonomy":"product_cat","embeddable":true,"href":"https:\/\/menu.betoya.jp\/ningyocho\/vi\/wp-json\/wp\/v2\/product_cat?post=26650"},{"taxonomy":"product_tag","embeddable":true,"href":"https:\/\/menu.betoya.jp\/ningyocho\/vi\/wp-json\/wp\/v2\/product_tag?post=26650"},{"taxonomy":"menu-book","embeddable":true,"href":"https:\/\/menu.betoya.jp\/ningyocho\/vi\/wp-json\/wp\/v2\/menu-book?post=26650"}],"curies":[{"name":"wp","href":"https:\/\/api.w.org\/{rel}","templated":true}]}}