{"id":26630,"date":"2024-10-22T23:47:15","date_gmt":"2024-10-22T14:47:15","guid":{"rendered":"https:\/\/menu.betoya.jp\/ningyocho\/product\/pho-ga-5\/"},"modified":"2025-07-20T23:56:35","modified_gmt":"2025-07-20T14:56:35","slug":"pho-ga-5","status":"publish","type":"product","link":"https:\/\/menu.betoya.jp\/ningyocho\/vi\/product\/pho-ga-5\/","title":{"rendered":"ph\u1edf g\u00e0"},"content":{"rendered":"","protected":false},"excerpt":{"rendered":"<p>Kh\u00f4ng gi\u1ed1ng nh\u01b0 ph\u1edf b\u00f2, m\u1ecdi th\u1ee9 t\u1eeb n\u01b0\u1edbc s\u00fap \u0111\u1ebfn th\u1ecbt \u0111\u1ec1u \u0111\u01b0\u1ee3c l\u00e0m b\u1eb1ng th\u1ecbt g\u00e0. S\u00fap \u0111\u01b0\u1ee3c \u0111\u1eb7c tr\u01b0ng b\u1edfi t\u00ednh minh b\u1ea1ch c\u1ee7a n\u00f3.<\/p>\n","protected":false},"featured_media":26322,"comment_status":"open","ping_status":"closed","template":"","meta":[],"product_cat":[391,407,409,408],"product_tag":[332],"menu-book":[],"class_list":{"0":"post-26630","1":"product","2":"type-product","3":"status-publish","4":"has-post-thumbnail","6":"product_cat-de-xuat-trang-chu-vi","7":"product_cat-bon-vi-5","8":"product_cat-bon-vi-7","9":"product_cat-bon-vi-6","10":"product_tag-tat-ca-cac-cua-hang-vi","12":"first","13":"instock","14":"taxable","15":"purchasable","16":"product-type-composite"},"distributor_meta":false,"distributor_terms":false,"distributor_media":false,"distributor_original_site_name":"Ningyocho","distributor_original_site_url":"https:\/\/menu.betoya.jp\/ningyocho\/vi\/","push-errors":false,"_links":{"self":[{"href":"https:\/\/menu.betoya.jp\/ningyocho\/vi\/wp-json\/wp\/v2\/product\/26630","targetHints":{"allow":["GET"]}}],"collection":[{"href":"https:\/\/menu.betoya.jp\/ningyocho\/vi\/wp-json\/wp\/v2\/product"}],"about":[{"href":"https:\/\/menu.betoya.jp\/ningyocho\/vi\/wp-json\/wp\/v2\/types\/product"}],"replies":[{"embeddable":true,"href":"https:\/\/menu.betoya.jp\/ningyocho\/vi\/wp-json\/wp\/v2\/comments?post=26630"}],"wp:featuredmedia":[{"embeddable":true,"href":"https:\/\/menu.betoya.jp\/ningyocho\/vi\/wp-json\/wp\/v2\/media\/26322"}],"wp:attachment":[{"href":"https:\/\/menu.betoya.jp\/ningyocho\/vi\/wp-json\/wp\/v2\/media?parent=26630"}],"wp:term":[{"taxonomy":"product_cat","embeddable":true,"href":"https:\/\/menu.betoya.jp\/ningyocho\/vi\/wp-json\/wp\/v2\/product_cat?post=26630"},{"taxonomy":"product_tag","embeddable":true,"href":"https:\/\/menu.betoya.jp\/ningyocho\/vi\/wp-json\/wp\/v2\/product_tag?post=26630"},{"taxonomy":"menu-book","embeddable":true,"href":"https:\/\/menu.betoya.jp\/ningyocho\/vi\/wp-json\/wp\/v2\/menu-book?post=26630"}],"curies":[{"name":"wp","href":"https:\/\/api.w.org\/{rel}","templated":true}]}}