{"id":26614,"date":"2024-10-23T23:50:12","date_gmt":"2024-10-23T14:50:12","guid":{"rendered":"https:\/\/menu.betoya.jp\/ningyocho\/product\/nem-chua-ran-2\/"},"modified":"2026-01-28T16:20:27","modified_gmt":"2026-01-28T07:20:27","slug":"nem-chua-ran-2","status":"publish","type":"product","link":"https:\/\/menu.betoya.jp\/ningyocho\/vi\/product\/nem-chua-ran-2\/","title":{"rendered":"Nem chua r\u00e1n"},"content":{"rendered":"","protected":false},"excerpt":{"rendered":"<p>N\u00f3 c\u00f3 v\u1ecb chua v\u00e0 cay v\u00e0 \u0111\u01b0\u1ee3c khuy\u00ean d\u00f9ng nh\u01b0 m\u1ed9t m\u00f3n \u0103n nh\u1eb9!<\/p>\n","protected":false},"featured_media":26296,"comment_status":"open","ping_status":"closed","template":"","meta":[],"product_cat":[389,397],"product_tag":[332],"menu-book":[],"class_list":{"0":"post-26614","1":"product","2":"type-product","3":"status-publish","4":"has-post-thumbnail","6":"product_cat-dia-nho-cha-gio-vi-5","7":"product_cat-dia-nho","8":"product_tag-tat-ca-cac-cua-hang-vi","10":"first","11":"instock","12":"taxable","13":"shipping-taxable","14":"purchasable","15":"product-type-simple"},"distributor_meta":false,"distributor_terms":false,"distributor_media":false,"distributor_original_site_name":"Ningyocho","distributor_original_site_url":"https:\/\/menu.betoya.jp\/ningyocho\/vi\/","push-errors":false,"_links":{"self":[{"href":"https:\/\/menu.betoya.jp\/ningyocho\/vi\/wp-json\/wp\/v2\/product\/26614","targetHints":{"allow":["GET"]}}],"collection":[{"href":"https:\/\/menu.betoya.jp\/ningyocho\/vi\/wp-json\/wp\/v2\/product"}],"about":[{"href":"https:\/\/menu.betoya.jp\/ningyocho\/vi\/wp-json\/wp\/v2\/types\/product"}],"replies":[{"embeddable":true,"href":"https:\/\/menu.betoya.jp\/ningyocho\/vi\/wp-json\/wp\/v2\/comments?post=26614"}],"wp:featuredmedia":[{"embeddable":true,"href":"https:\/\/menu.betoya.jp\/ningyocho\/vi\/wp-json\/wp\/v2\/media\/26296"}],"wp:attachment":[{"href":"https:\/\/menu.betoya.jp\/ningyocho\/vi\/wp-json\/wp\/v2\/media?parent=26614"}],"wp:term":[{"taxonomy":"product_cat","embeddable":true,"href":"https:\/\/menu.betoya.jp\/ningyocho\/vi\/wp-json\/wp\/v2\/product_cat?post=26614"},{"taxonomy":"product_tag","embeddable":true,"href":"https:\/\/menu.betoya.jp\/ningyocho\/vi\/wp-json\/wp\/v2\/product_tag?post=26614"},{"taxonomy":"menu-book","embeddable":true,"href":"https:\/\/menu.betoya.jp\/ningyocho\/vi\/wp-json\/wp\/v2\/menu-book?post=26614"}],"curies":[{"name":"wp","href":"https:\/\/api.w.org\/{rel}","templated":true}]}}