{"id":26612,"date":"2024-10-23T23:50:02","date_gmt":"2024-10-23T14:50:02","guid":{"rendered":"https:\/\/menu.betoya.jp\/ningyocho\/product\/banh-phong-tom-2\/"},"modified":"2026-03-26T19:47:51","modified_gmt":"2026-03-26T10:47:51","slug":"banh-phong-tom-2","status":"publish","type":"product","link":"https:\/\/menu.betoya.jp\/ningyocho\/vi\/product\/banh-phong-tom-2\/","title":{"rendered":"b\u00e1nh ph\u1ed3ng t\u00f4m"},"content":{"rendered":"","protected":false},"excerpt":{"rendered":"<p>Ch\u00fang t\u00f4i c\u0169ng khuy\u00ean b\u1ea1n n\u00ean \u0103n n\u00f3 v\u1edbi m\u00f3n salad.<\/p>\n","protected":false},"featured_media":26390,"comment_status":"open","ping_status":"closed","template":"","meta":[],"product_cat":[389,397],"product_tag":[332],"menu-book":[],"class_list":{"0":"post-26612","1":"product","2":"type-product","3":"status-publish","4":"has-post-thumbnail","6":"product_cat-dia-nho-cha-gio-vi-5","7":"product_cat-dia-nho","8":"product_tag-tat-ca-cac-cua-hang-vi","10":"first","11":"instock","12":"taxable","13":"shipping-taxable","14":"purchasable","15":"product-type-simple"},"distributor_meta":false,"distributor_terms":false,"distributor_media":false,"distributor_original_site_name":"Ningyocho","distributor_original_site_url":"https:\/\/menu.betoya.jp\/ningyocho\/vi\/","push-errors":false,"_links":{"self":[{"href":"https:\/\/menu.betoya.jp\/ningyocho\/vi\/wp-json\/wp\/v2\/product\/26612","targetHints":{"allow":["GET"]}}],"collection":[{"href":"https:\/\/menu.betoya.jp\/ningyocho\/vi\/wp-json\/wp\/v2\/product"}],"about":[{"href":"https:\/\/menu.betoya.jp\/ningyocho\/vi\/wp-json\/wp\/v2\/types\/product"}],"replies":[{"embeddable":true,"href":"https:\/\/menu.betoya.jp\/ningyocho\/vi\/wp-json\/wp\/v2\/comments?post=26612"}],"wp:featuredmedia":[{"embeddable":true,"href":"https:\/\/menu.betoya.jp\/ningyocho\/vi\/wp-json\/wp\/v2\/media\/26390"}],"wp:attachment":[{"href":"https:\/\/menu.betoya.jp\/ningyocho\/vi\/wp-json\/wp\/v2\/media?parent=26612"}],"wp:term":[{"taxonomy":"product_cat","embeddable":true,"href":"https:\/\/menu.betoya.jp\/ningyocho\/vi\/wp-json\/wp\/v2\/product_cat?post=26612"},{"taxonomy":"product_tag","embeddable":true,"href":"https:\/\/menu.betoya.jp\/ningyocho\/vi\/wp-json\/wp\/v2\/product_tag?post=26612"},{"taxonomy":"menu-book","embeddable":true,"href":"https:\/\/menu.betoya.jp\/ningyocho\/vi\/wp-json\/wp\/v2\/menu-book?post=26612"}],"curies":[{"name":"wp","href":"https:\/\/api.w.org\/{rel}","templated":true}]}}