{"id":26311,"date":"2024-10-23T23:38:58","date_gmt":"2024-10-23T14:38:58","guid":{"rendered":"https:\/\/menu.betoya.jp\/ningyocho\/product\/doi-sun\/"},"modified":"2026-01-27T17:38:01","modified_gmt":"2026-01-27T08:38:01","slug":"doi-sun","status":"publish","type":"product","link":"https:\/\/menu.betoya.jp\/ningyocho\/vi\/product\/doi-sun\/","title":{"rendered":"X\u00fac x\u00edch n\u01b0\u1edbng v\u1edbi s\u1ee5n"},"content":{"rendered":"","protected":false},"excerpt":{"rendered":"<p>C\u00f3 r\u1ea5t nhi\u1ec1u lo\u1ea1i x\u00fac x\u00edch kh\u00e1c nhau \u1edf Vi\u1ec7t Nam! H\u00e3y \u0111\u1ebfn v\u00e0 th\u01b0\u1edfng th\u1ee9c m\u1ed9t ph\u1ea7n v\u0103n h\u00f3a \u1ea9m th\u1ef1c Vi\u1ec7t Nam t\u1ea1i Viet House.<\/p>\n","protected":false},"featured_media":26313,"comment_status":"open","ping_status":"closed","template":"","meta":[],"product_cat":[458,320],"product_tag":[321,456],"menu-book":[],"class_list":{"0":"post-26311","1":"product","2":"type-product","3":"status-publish","4":"has-post-thumbnail","6":"product_cat-mua-mang-ve","7":"product_cat-dia-nho-cha-gio-vi-4","8":"product_tag-cua-hang-hongo-vi","9":"product_tag-ningyocho-vi","11":"first","12":"instock","13":"taxable","14":"purchasable","15":"product-type-simple"},"distributor_meta":false,"distributor_terms":false,"distributor_media":false,"distributor_original_site_name":"Ningyocho","distributor_original_site_url":"https:\/\/menu.betoya.jp\/ningyocho\/vi\/","push-errors":false,"_links":{"self":[{"href":"https:\/\/menu.betoya.jp\/ningyocho\/vi\/wp-json\/wp\/v2\/product\/26311","targetHints":{"allow":["GET"]}}],"collection":[{"href":"https:\/\/menu.betoya.jp\/ningyocho\/vi\/wp-json\/wp\/v2\/product"}],"about":[{"href":"https:\/\/menu.betoya.jp\/ningyocho\/vi\/wp-json\/wp\/v2\/types\/product"}],"replies":[{"embeddable":true,"href":"https:\/\/menu.betoya.jp\/ningyocho\/vi\/wp-json\/wp\/v2\/comments?post=26311"}],"wp:featuredmedia":[{"embeddable":true,"href":"https:\/\/menu.betoya.jp\/ningyocho\/vi\/wp-json\/wp\/v2\/media\/26313"}],"wp:attachment":[{"href":"https:\/\/menu.betoya.jp\/ningyocho\/vi\/wp-json\/wp\/v2\/media?parent=26311"}],"wp:term":[{"taxonomy":"product_cat","embeddable":true,"href":"https:\/\/menu.betoya.jp\/ningyocho\/vi\/wp-json\/wp\/v2\/product_cat?post=26311"},{"taxonomy":"product_tag","embeddable":true,"href":"https:\/\/menu.betoya.jp\/ningyocho\/vi\/wp-json\/wp\/v2\/product_tag?post=26311"},{"taxonomy":"menu-book","embeddable":true,"href":"https:\/\/menu.betoya.jp\/ningyocho\/vi\/wp-json\/wp\/v2\/menu-book?post=26311"}],"curies":[{"name":"wp","href":"https:\/\/api.w.org\/{rel}","templated":true}]}}