{"id":943,"date":"2025-06-26T13:17:47","date_gmt":"2025-06-26T04:17:47","guid":{"rendered":"https:\/\/menu.betoya.jp\/monzennakacho\/product\/pho-ga\/"},"modified":"2025-07-20T14:54:31","modified_gmt":"2025-07-20T14:54:31","slug":"pho-ga","status":"publish","type":"product","link":"https:\/\/menu.betoya.jp\/monzennakacho\/vi\/product\/pho-ga\/","title":{"rendered":"ph\u1edf g\u00e0"},"content":{"rendered":"","protected":false},"excerpt":{"rendered":"<p>Kh\u00f4ng gi\u1ed1ng nh\u01b0 ph\u1edf b\u00f2, m\u1ecdi th\u1ee9 t\u1eeb n\u01b0\u1edbc s\u00fap \u0111\u1ebfn th\u1ecbt \u0111\u1ec1u \u0111\u01b0\u1ee3c l\u00e0m b\u1eb1ng th\u1ecbt g\u00e0. S\u00fap \u0111\u01b0\u1ee3c \u0111\u1eb7c tr\u01b0ng b\u1edfi t\u00ednh minh b\u1ea1ch c\u1ee7a n\u00f3.<\/p>\n","protected":false},"featured_media":139,"comment_status":"open","ping_status":"closed","template":"","meta":[],"product_cat":[139,141,173,140],"product_tag":[142],"menu-book":[],"class_list":{"0":"post-943","1":"product","2":"type-product","3":"status-publish","4":"has-post-thumbnail","6":"product_cat-pho-dinner-vi","7":"product_cat-pho-lunch-vi","8":"product_cat-de-xuat-trang-chu","9":"product_cat-bon-vi","10":"product_tag-tat-ca-cac-cua-hang","12":"first","13":"instock","14":"taxable","15":"shipping-taxable","16":"purchasable","17":"product-type-composite"},"distributor_meta":false,"distributor_terms":false,"distributor_media":false,"distributor_original_site_name":"\u9580\u524d\u4ef2\u753a\u5e97","distributor_original_site_url":"https:\/\/menu.betoya.jp\/monzennakacho\/vi\/","push-errors":false,"_links":{"self":[{"href":"https:\/\/menu.betoya.jp\/monzennakacho\/vi\/wp-json\/wp\/v2\/product\/943","targetHints":{"allow":["GET"]}}],"collection":[{"href":"https:\/\/menu.betoya.jp\/monzennakacho\/vi\/wp-json\/wp\/v2\/product"}],"about":[{"href":"https:\/\/menu.betoya.jp\/monzennakacho\/vi\/wp-json\/wp\/v2\/types\/product"}],"replies":[{"embeddable":true,"href":"https:\/\/menu.betoya.jp\/monzennakacho\/vi\/wp-json\/wp\/v2\/comments?post=943"}],"wp:featuredmedia":[{"embeddable":true,"href":"https:\/\/menu.betoya.jp\/monzennakacho\/vi\/wp-json\/wp\/v2\/media\/139"}],"wp:attachment":[{"href":"https:\/\/menu.betoya.jp\/monzennakacho\/vi\/wp-json\/wp\/v2\/media?parent=943"}],"wp:term":[{"taxonomy":"product_cat","embeddable":true,"href":"https:\/\/menu.betoya.jp\/monzennakacho\/vi\/wp-json\/wp\/v2\/product_cat?post=943"},{"taxonomy":"product_tag","embeddable":true,"href":"https:\/\/menu.betoya.jp\/monzennakacho\/vi\/wp-json\/wp\/v2\/product_tag?post=943"},{"taxonomy":"menu-book","embeddable":true,"href":"https:\/\/menu.betoya.jp\/monzennakacho\/vi\/wp-json\/wp\/v2\/menu-book?post=943"}],"curies":[{"name":"wp","href":"https:\/\/api.w.org\/{rel}","templated":true}]}}