{"id":1375,"date":"2025-06-26T21:56:02","date_gmt":"2025-06-26T12:56:02","guid":{"rendered":"https:\/\/menu.betoya.jp\/monzennakacho\/product\/banh-banh-mi-charshu-2\/"},"modified":"2025-11-03T12:23:28","modified_gmt":"2025-11-03T03:23:28","slug":"banh-banh-mi-charshu-2","status":"publish","type":"product","link":"https:\/\/menu.betoya.jp\/monzennakacho\/vi\/product\/banh-banh-mi-charshu-2\/","title":{"rendered":"B\u00e1nh m\u00ec x\u00e1 x\u00edu"},"content":{"rendered":"","protected":false},"excerpt":{"rendered":"","protected":false},"featured_media":25,"comment_status":"closed","ping_status":"closed","template":"","meta":[],"product_cat":[176,281,209],"product_tag":[142],"menu-book":[],"class_list":{"0":"post-1375","1":"product","2":"type-product","3":"status-publish","4":"has-post-thumbnail","6":"product_cat-banh-mi","7":"product_cat-banh-mi-vi-3","8":"product_cat-banh-mi-vi-2","9":"product_tag-tat-ca-cac-cua-hang","11":"first","12":"instock","13":"taxable","14":"shipping-taxable","15":"purchasable","16":"product-type-composite"},"distributor_meta":false,"distributor_terms":false,"distributor_media":false,"distributor_original_site_name":"\u9580\u524d\u4ef2\u753a\u5e97","distributor_original_site_url":"https:\/\/menu.betoya.jp\/monzennakacho\/vi\/","push-errors":false,"_links":{"self":[{"href":"https:\/\/menu.betoya.jp\/monzennakacho\/vi\/wp-json\/wp\/v2\/product\/1375","targetHints":{"allow":["GET"]}}],"collection":[{"href":"https:\/\/menu.betoya.jp\/monzennakacho\/vi\/wp-json\/wp\/v2\/product"}],"about":[{"href":"https:\/\/menu.betoya.jp\/monzennakacho\/vi\/wp-json\/wp\/v2\/types\/product"}],"replies":[{"embeddable":true,"href":"https:\/\/menu.betoya.jp\/monzennakacho\/vi\/wp-json\/wp\/v2\/comments?post=1375"}],"wp:featuredmedia":[{"embeddable":true,"href":"https:\/\/menu.betoya.jp\/monzennakacho\/vi\/wp-json\/wp\/v2\/media\/25"}],"wp:attachment":[{"href":"https:\/\/menu.betoya.jp\/monzennakacho\/vi\/wp-json\/wp\/v2\/media?parent=1375"}],"wp:term":[{"taxonomy":"product_cat","embeddable":true,"href":"https:\/\/menu.betoya.jp\/monzennakacho\/vi\/wp-json\/wp\/v2\/product_cat?post=1375"},{"taxonomy":"product_tag","embeddable":true,"href":"https:\/\/menu.betoya.jp\/monzennakacho\/vi\/wp-json\/wp\/v2\/product_tag?post=1375"},{"taxonomy":"menu-book","embeddable":true,"href":"https:\/\/menu.betoya.jp\/monzennakacho\/vi\/wp-json\/wp\/v2\/menu-book?post=1375"}],"curies":[{"name":"wp","href":"https:\/\/api.w.org\/{rel}","templated":true}]}}