{"id":1139,"date":"2025-06-26T13:03:43","date_gmt":"2025-06-26T13:03:43","guid":{"rendered":"https:\/\/menu.betoya.jp\/monzennakacho\/product\/banh-mi-va-che\/"},"modified":"2025-07-20T14:54:37","modified_gmt":"2025-07-20T14:54:37","slug":"banh-mi-va-che","status":"publish","type":"product","link":"https:\/\/menu.betoya.jp\/monzennakacho\/vi\/product\/banh-mi-va-che\/","title":{"rendered":"Set b\u00e1nh m\u00ec v\u00e0 ch\u00e8"},"content":{"rendered":"","protected":false},"excerpt":{"rendered":"","protected":false},"featured_media":413,"comment_status":"open","ping_status":"closed","template":"","meta":[],"product_cat":[154,176],"product_tag":[142],"menu-book":[],"class_list":{"0":"post-1139","1":"product","2":"type-product","3":"status-publish","4":"has-post-thumbnail","6":"product_cat-ben-trong-nha-hang-bua-toi","7":"product_cat-banh-mi","8":"product_tag-tat-ca-cac-cua-hang","10":"first","11":"instock","12":"taxable","13":"shipping-taxable","14":"purchasable","15":"product-type-composite"},"distributor_meta":false,"distributor_terms":false,"distributor_media":false,"distributor_original_site_name":"\u9580\u524d\u4ef2\u753a\u5e97","distributor_original_site_url":"https:\/\/menu.betoya.jp\/monzennakacho\/vi\/","push-errors":false,"_links":{"self":[{"href":"https:\/\/menu.betoya.jp\/monzennakacho\/vi\/wp-json\/wp\/v2\/product\/1139","targetHints":{"allow":["GET"]}}],"collection":[{"href":"https:\/\/menu.betoya.jp\/monzennakacho\/vi\/wp-json\/wp\/v2\/product"}],"about":[{"href":"https:\/\/menu.betoya.jp\/monzennakacho\/vi\/wp-json\/wp\/v2\/types\/product"}],"replies":[{"embeddable":true,"href":"https:\/\/menu.betoya.jp\/monzennakacho\/vi\/wp-json\/wp\/v2\/comments?post=1139"}],"wp:featuredmedia":[{"embeddable":true,"href":"https:\/\/menu.betoya.jp\/monzennakacho\/vi\/wp-json\/wp\/v2\/media\/413"}],"wp:attachment":[{"href":"https:\/\/menu.betoya.jp\/monzennakacho\/vi\/wp-json\/wp\/v2\/media?parent=1139"}],"wp:term":[{"taxonomy":"product_cat","embeddable":true,"href":"https:\/\/menu.betoya.jp\/monzennakacho\/vi\/wp-json\/wp\/v2\/product_cat?post=1139"},{"taxonomy":"product_tag","embeddable":true,"href":"https:\/\/menu.betoya.jp\/monzennakacho\/vi\/wp-json\/wp\/v2\/product_tag?post=1139"},{"taxonomy":"menu-book","embeddable":true,"href":"https:\/\/menu.betoya.jp\/monzennakacho\/vi\/wp-json\/wp\/v2\/menu-book?post=1139"}],"curies":[{"name":"wp","href":"https:\/\/api.w.org\/{rel}","templated":true}]}}