{"id":1072,"date":"2025-06-26T13:07:43","date_gmt":"2025-06-26T04:07:43","guid":{"rendered":"https:\/\/menu.betoya.jp\/monzennakacho\/product\/combo-do-uong-nhanh-2\/"},"modified":"2025-07-20T14:54:34","modified_gmt":"2025-07-20T14:54:34","slug":"combo-do-uong-nhanh-2","status":"publish","type":"product","link":"https:\/\/menu.betoya.jp\/monzennakacho\/vi\/product\/combo-do-uong-nhanh-2\/","title":{"rendered":"Choinomi 2"},"content":{"rendered":"","protected":false},"excerpt":{"rendered":"<p>H\u00e3y ch\u1ecdn bia c\u1ee7a b\u1ea1n! S\u1ef1 k\u1ebft h\u1ee3p tuy\u1ec7t v\u1eddi c\u1ee7a c\u00e1c m\u00f3n chi\u00ean<\/p>\n","protected":false},"featured_media":560,"comment_status":"open","ping_status":"closed","template":"","meta":[],"product_cat":[159,190],"product_tag":[142],"menu-book":[],"class_list":{"0":"post-1072","1":"product","2":"type-product","3":"status-publish","4":"has-post-thumbnail","6":"product_cat-su-gioi-thieu","7":"product_cat-su-gioi-thieu-vi","8":"product_tag-tat-ca-cac-cua-hang","10":"first","11":"instock","12":"taxable","13":"purchasable","14":"product-type-composite"},"distributor_meta":false,"distributor_terms":false,"distributor_media":false,"distributor_original_site_name":"\u9580\u524d\u4ef2\u753a\u5e97","distributor_original_site_url":"https:\/\/menu.betoya.jp\/monzennakacho\/vi\/","push-errors":false,"_links":{"self":[{"href":"https:\/\/menu.betoya.jp\/monzennakacho\/vi\/wp-json\/wp\/v2\/product\/1072","targetHints":{"allow":["GET"]}}],"collection":[{"href":"https:\/\/menu.betoya.jp\/monzennakacho\/vi\/wp-json\/wp\/v2\/product"}],"about":[{"href":"https:\/\/menu.betoya.jp\/monzennakacho\/vi\/wp-json\/wp\/v2\/types\/product"}],"replies":[{"embeddable":true,"href":"https:\/\/menu.betoya.jp\/monzennakacho\/vi\/wp-json\/wp\/v2\/comments?post=1072"}],"wp:featuredmedia":[{"embeddable":true,"href":"https:\/\/menu.betoya.jp\/monzennakacho\/vi\/wp-json\/wp\/v2\/media\/560"}],"wp:attachment":[{"href":"https:\/\/menu.betoya.jp\/monzennakacho\/vi\/wp-json\/wp\/v2\/media?parent=1072"}],"wp:term":[{"taxonomy":"product_cat","embeddable":true,"href":"https:\/\/menu.betoya.jp\/monzennakacho\/vi\/wp-json\/wp\/v2\/product_cat?post=1072"},{"taxonomy":"product_tag","embeddable":true,"href":"https:\/\/menu.betoya.jp\/monzennakacho\/vi\/wp-json\/wp\/v2\/product_tag?post=1072"},{"taxonomy":"menu-book","embeddable":true,"href":"https:\/\/menu.betoya.jp\/monzennakacho\/vi\/wp-json\/wp\/v2\/menu-book?post=1072"}],"curies":[{"name":"wp","href":"https:\/\/api.w.org\/{rel}","templated":true}]}}