{"id":1013,"date":"2025-06-26T22:16:05","date_gmt":"2025-06-26T13:16:05","guid":{"rendered":"https:\/\/menu.betoya.jp\/monzennakacho\/product\/cha-gio-chien\/"},"modified":"2026-01-07T11:10:32","modified_gmt":"2026-01-07T02:10:32","slug":"cha-gio-chien","status":"publish","type":"product","link":"https:\/\/menu.betoya.jp\/monzennakacho\/vi\/product\/cha-gio-chien\/","title":{"rendered":"B\u00fan nem r\u00e1n"},"content":{"rendered":"","protected":false},"excerpt":{"rendered":"<p>M\u1ed9t m\u00f3n \u0103n Vi\u1ec7t Nam g\u1ed3m nem r\u00e1n, m\u1ed9t m\u00f3n \u0103n ph\u1ed5 bi\u1ebfn \u1edf Nh\u1eadt B\u1ea3n, \u0111\u01b0\u1ee3c \u0111\u1eb7t tr\u00ean s\u1ee3i b\u00fan m\u1ecfng g\u1ecdi l\u00e0 b\u00e1nh bao v\u00e0 \u0103n v\u1edbi n\u01b0\u1edbc s\u1ed1t t\u1ef1 l\u00e0m.<\/p>\n","protected":false},"featured_media":111,"comment_status":"open","ping_status":"closed","template":"","meta":[],"product_cat":[175,174,173,169],"product_tag":[142],"menu-book":[],"class_list":{"0":"post-1013","1":"product","2":"type-product","3":"status-publish","4":"has-post-thumbnail","6":"product_cat-bun-dinner-vi","7":"product_cat-bun_lunch-vi","8":"product_cat-de-xuat-trang-chu","9":"product_cat-banh-bao","10":"product_tag-tat-ca-cac-cua-hang","12":"first","13":"instock","14":"taxable","15":"purchasable","16":"product-type-composite"},"distributor_meta":false,"distributor_terms":false,"distributor_media":false,"distributor_original_site_name":"\u9580\u524d\u4ef2\u753a\u5e97","distributor_original_site_url":"https:\/\/menu.betoya.jp\/monzennakacho\/vi\/","push-errors":false,"_links":{"self":[{"href":"https:\/\/menu.betoya.jp\/monzennakacho\/vi\/wp-json\/wp\/v2\/product\/1013","targetHints":{"allow":["GET"]}}],"collection":[{"href":"https:\/\/menu.betoya.jp\/monzennakacho\/vi\/wp-json\/wp\/v2\/product"}],"about":[{"href":"https:\/\/menu.betoya.jp\/monzennakacho\/vi\/wp-json\/wp\/v2\/types\/product"}],"replies":[{"embeddable":true,"href":"https:\/\/menu.betoya.jp\/monzennakacho\/vi\/wp-json\/wp\/v2\/comments?post=1013"}],"wp:featuredmedia":[{"embeddable":true,"href":"https:\/\/menu.betoya.jp\/monzennakacho\/vi\/wp-json\/wp\/v2\/media\/111"}],"wp:attachment":[{"href":"https:\/\/menu.betoya.jp\/monzennakacho\/vi\/wp-json\/wp\/v2\/media?parent=1013"}],"wp:term":[{"taxonomy":"product_cat","embeddable":true,"href":"https:\/\/menu.betoya.jp\/monzennakacho\/vi\/wp-json\/wp\/v2\/product_cat?post=1013"},{"taxonomy":"product_tag","embeddable":true,"href":"https:\/\/menu.betoya.jp\/monzennakacho\/vi\/wp-json\/wp\/v2\/product_tag?post=1013"},{"taxonomy":"menu-book","embeddable":true,"href":"https:\/\/menu.betoya.jp\/monzennakacho\/vi\/wp-json\/wp\/v2\/menu-book?post=1013"}],"curies":[{"name":"wp","href":"https:\/\/api.w.org\/{rel}","templated":true}]}}