{"id":1012,"date":"2025-06-26T13:15:35","date_gmt":"2025-06-26T04:15:35","guid":{"rendered":"https:\/\/menu.betoya.jp\/monzennakacho\/product\/banh-banh-mi\/"},"modified":"2025-07-20T14:54:31","modified_gmt":"2025-07-20T14:54:31","slug":"banh-banh-mi","status":"publish","type":"product","link":"https:\/\/menu.betoya.jp\/monzennakacho\/vi\/product\/banh-banh-mi\/","title":{"rendered":"B\u00e1nh m\u00ec g\u00e0 l\u00e1 chanh"},"content":{"rendered":"","protected":false},"excerpt":{"rendered":"<p>K\u1eb9p v\u1edbi th\u1ecbt g\u00e0 n\u01b0\u1edbng, c\u1ee7 c\u1ea3i daikon v\u00e0 c\u00e0 r\u1ed1t (ng\u00e2m chua ng\u1ecdt), ph\u1ebft b\u01a1 h\u00e0nh t\u00e2y v\u00e0 gan heo th\u1ee7 c\u00f4ng l\u00ean tr\u00ean.<\/p>\n","protected":false},"featured_media":95,"comment_status":"open","ping_status":"closed","template":"","meta":[],"product_cat":[176,177],"product_tag":[142],"menu-book":[],"class_list":{"0":"post-1012","1":"product","2":"type-product","3":"status-publish","4":"has-post-thumbnail","6":"product_cat-banh-mi","7":"product_cat-banh-mi-vi","8":"product_tag-tat-ca-cac-cua-hang","10":"first","11":"instock","12":"taxable","13":"purchasable","14":"product-type-composite"},"distributor_meta":false,"distributor_terms":false,"distributor_media":false,"distributor_original_site_name":"\u9580\u524d\u4ef2\u753a\u5e97","distributor_original_site_url":"https:\/\/menu.betoya.jp\/monzennakacho\/vi\/","push-errors":false,"_links":{"self":[{"href":"https:\/\/menu.betoya.jp\/monzennakacho\/vi\/wp-json\/wp\/v2\/product\/1012","targetHints":{"allow":["GET"]}}],"collection":[{"href":"https:\/\/menu.betoya.jp\/monzennakacho\/vi\/wp-json\/wp\/v2\/product"}],"about":[{"href":"https:\/\/menu.betoya.jp\/monzennakacho\/vi\/wp-json\/wp\/v2\/types\/product"}],"replies":[{"embeddable":true,"href":"https:\/\/menu.betoya.jp\/monzennakacho\/vi\/wp-json\/wp\/v2\/comments?post=1012"}],"wp:featuredmedia":[{"embeddable":true,"href":"https:\/\/menu.betoya.jp\/monzennakacho\/vi\/wp-json\/wp\/v2\/media\/95"}],"wp:attachment":[{"href":"https:\/\/menu.betoya.jp\/monzennakacho\/vi\/wp-json\/wp\/v2\/media?parent=1012"}],"wp:term":[{"taxonomy":"product_cat","embeddable":true,"href":"https:\/\/menu.betoya.jp\/monzennakacho\/vi\/wp-json\/wp\/v2\/product_cat?post=1012"},{"taxonomy":"product_tag","embeddable":true,"href":"https:\/\/menu.betoya.jp\/monzennakacho\/vi\/wp-json\/wp\/v2\/product_tag?post=1012"},{"taxonomy":"menu-book","embeddable":true,"href":"https:\/\/menu.betoya.jp\/monzennakacho\/vi\/wp-json\/wp\/v2\/menu-book?post=1012"}],"curies":[{"name":"wp","href":"https:\/\/api.w.org\/{rel}","templated":true}]}}