{"id":67661,"date":"2025-07-13T16:55:29","date_gmt":"2025-07-13T07:55:29","guid":{"rendered":"https:\/\/menu.betoya.jp\/jimbocho\/product\/cha-gio-tom-va-bo\/"},"modified":"2025-07-20T23:45:51","modified_gmt":"2025-07-20T14:45:51","slug":"cha-gio-tom-va-bo","status":"publish","type":"product","link":"https:\/\/menu.betoya.jp\/jimbocho\/vi\/product\/cha-gio-tom-va-bo\/","title":{"rendered":"Ch\u1ea3 gi\u00f2 t\u00f4m v\u00e0 b\u01a1"},"content":{"rendered":"","protected":false},"excerpt":{"rendered":"","protected":false},"featured_media":67662,"comment_status":"closed","ping_status":"closed","template":"","meta":[],"product_cat":[359,264,298],"product_tag":[260],"menu-book":[],"class_list":{"0":"post-67661","1":"product","2":"type-product","3":"status-publish","4":"has-post-thumbnail","6":"product_cat-dishes-lunch-vi","7":"product_cat-dia-nho-cha-gio-vi","8":"product_cat-nem-ran","9":"product_tag-tat-ca-cac-cua-hang","11":"first","12":"instock","13":"taxable","14":"shipping-taxable","15":"purchasable","16":"product-type-simple"},"distributor_meta":false,"distributor_terms":false,"distributor_media":false,"distributor_original_site_name":"Jimbocho","distributor_original_site_url":"https:\/\/menu.betoya.jp\/jimbocho\/vi\/","push-errors":false,"_links":{"self":[{"href":"https:\/\/menu.betoya.jp\/jimbocho\/vi\/wp-json\/wp\/v2\/product\/67661","targetHints":{"allow":["GET"]}}],"collection":[{"href":"https:\/\/menu.betoya.jp\/jimbocho\/vi\/wp-json\/wp\/v2\/product"}],"about":[{"href":"https:\/\/menu.betoya.jp\/jimbocho\/vi\/wp-json\/wp\/v2\/types\/product"}],"replies":[{"embeddable":true,"href":"https:\/\/menu.betoya.jp\/jimbocho\/vi\/wp-json\/wp\/v2\/comments?post=67661"}],"wp:featuredmedia":[{"embeddable":true,"href":"https:\/\/menu.betoya.jp\/jimbocho\/vi\/wp-json\/wp\/v2\/media\/67662"}],"wp:attachment":[{"href":"https:\/\/menu.betoya.jp\/jimbocho\/vi\/wp-json\/wp\/v2\/media?parent=67661"}],"wp:term":[{"taxonomy":"product_cat","embeddable":true,"href":"https:\/\/menu.betoya.jp\/jimbocho\/vi\/wp-json\/wp\/v2\/product_cat?post=67661"},{"taxonomy":"product_tag","embeddable":true,"href":"https:\/\/menu.betoya.jp\/jimbocho\/vi\/wp-json\/wp\/v2\/product_tag?post=67661"},{"taxonomy":"menu-book","embeddable":true,"href":"https:\/\/menu.betoya.jp\/jimbocho\/vi\/wp-json\/wp\/v2\/menu-book?post=67661"}],"curies":[{"name":"wp","href":"https:\/\/api.w.org\/{rel}","templated":true}]}}