{"id":64157,"date":"2025-06-26T23:16:59","date_gmt":"2025-06-26T14:16:59","guid":{"rendered":"https:\/\/menu.betoya.jp\/jimbocho\/product\/banh-banh-mi-charshu\/"},"modified":"2025-07-20T23:56:07","modified_gmt":"2025-07-20T14:56:07","slug":"banh-banh-mi-charshu","status":"publish","type":"product","link":"https:\/\/menu.betoya.jp\/jimbocho\/vi\/product\/banh-banh-mi-charshu\/","title":{"rendered":"B\u00e1nh m\u00ec x\u00e1 x\u00edu"},"content":{"rendered":"","protected":false},"excerpt":{"rendered":"","protected":false},"featured_media":64139,"comment_status":"closed","ping_status":"closed","template":"","meta":[],"product_cat":[265,330,325],"product_tag":[260],"menu-book":[],"class_list":{"0":"post-64157","1":"product","2":"type-product","3":"status-publish","4":"has-post-thumbnail","6":"product_cat-banh-mi-vi","7":"product_cat-banh-mi-vi-5","8":"product_cat-banh-mi-vi-3","9":"product_tag-tat-ca-cac-cua-hang","11":"first","12":"instock","13":"taxable","14":"shipping-taxable","15":"purchasable","16":"product-type-composite"},"distributor_meta":false,"distributor_terms":false,"distributor_media":false,"distributor_original_site_name":"Jimbocho","distributor_original_site_url":"https:\/\/menu.betoya.jp\/jimbocho\/vi\/","push-errors":false,"_links":{"self":[{"href":"https:\/\/menu.betoya.jp\/jimbocho\/vi\/wp-json\/wp\/v2\/product\/64157","targetHints":{"allow":["GET"]}}],"collection":[{"href":"https:\/\/menu.betoya.jp\/jimbocho\/vi\/wp-json\/wp\/v2\/product"}],"about":[{"href":"https:\/\/menu.betoya.jp\/jimbocho\/vi\/wp-json\/wp\/v2\/types\/product"}],"replies":[{"embeddable":true,"href":"https:\/\/menu.betoya.jp\/jimbocho\/vi\/wp-json\/wp\/v2\/comments?post=64157"}],"wp:featuredmedia":[{"embeddable":true,"href":"https:\/\/menu.betoya.jp\/jimbocho\/vi\/wp-json\/wp\/v2\/media\/64139"}],"wp:attachment":[{"href":"https:\/\/menu.betoya.jp\/jimbocho\/vi\/wp-json\/wp\/v2\/media?parent=64157"}],"wp:term":[{"taxonomy":"product_cat","embeddable":true,"href":"https:\/\/menu.betoya.jp\/jimbocho\/vi\/wp-json\/wp\/v2\/product_cat?post=64157"},{"taxonomy":"product_tag","embeddable":true,"href":"https:\/\/menu.betoya.jp\/jimbocho\/vi\/wp-json\/wp\/v2\/product_tag?post=64157"},{"taxonomy":"menu-book","embeddable":true,"href":"https:\/\/menu.betoya.jp\/jimbocho\/vi\/wp-json\/wp\/v2\/menu-book?post=64157"}],"curies":[{"name":"wp","href":"https:\/\/api.w.org\/{rel}","templated":true}]}}