{"id":18207,"date":"2024-11-07T23:09:38","date_gmt":"2024-11-07T14:09:38","guid":{"rendered":"https:\/\/menu.betoya.jp\/jimbocho\/product\/ca-phe-nong\/"},"modified":"2025-07-20T23:55:59","modified_gmt":"2025-07-20T14:55:59","slug":"ca-phe-nong","status":"publish","type":"product","link":"https:\/\/menu.betoya.jp\/jimbocho\/vi\/product\/ca-phe-nong\/","title":{"rendered":"c\u00e0 ph\u00ea n\u00f3ng"},"content":{"rendered":"","protected":false},"excerpt":{"rendered":"","protected":false},"featured_media":0,"comment_status":"open","ping_status":"closed","template":"","meta":[],"product_cat":[270,289],"product_tag":[304],"menu-book":[],"class_list":{"0":"post-18207","1":"product","2":"type-product","3":"status-publish","5":"product_cat-doi-voi-cac-tuy-chon","6":"product_cat-chua-duoc-phan-loai","7":"product_tag-opgrp016-ca-phe-nong-da","9":"first","10":"instock","11":"taxable","12":"purchasable","13":"product-type-simple"},"distributor_meta":false,"distributor_terms":false,"distributor_media":false,"distributor_original_site_name":"Jimbocho","distributor_original_site_url":"https:\/\/menu.betoya.jp\/jimbocho\/vi\/","push-errors":false,"_links":{"self":[{"href":"https:\/\/menu.betoya.jp\/jimbocho\/vi\/wp-json\/wp\/v2\/product\/18207","targetHints":{"allow":["GET"]}}],"collection":[{"href":"https:\/\/menu.betoya.jp\/jimbocho\/vi\/wp-json\/wp\/v2\/product"}],"about":[{"href":"https:\/\/menu.betoya.jp\/jimbocho\/vi\/wp-json\/wp\/v2\/types\/product"}],"replies":[{"embeddable":true,"href":"https:\/\/menu.betoya.jp\/jimbocho\/vi\/wp-json\/wp\/v2\/comments?post=18207"}],"wp:attachment":[{"href":"https:\/\/menu.betoya.jp\/jimbocho\/vi\/wp-json\/wp\/v2\/media?parent=18207"}],"wp:term":[{"taxonomy":"product_cat","embeddable":true,"href":"https:\/\/menu.betoya.jp\/jimbocho\/vi\/wp-json\/wp\/v2\/product_cat?post=18207"},{"taxonomy":"product_tag","embeddable":true,"href":"https:\/\/menu.betoya.jp\/jimbocho\/vi\/wp-json\/wp\/v2\/product_tag?post=18207"},{"taxonomy":"menu-book","embeddable":true,"href":"https:\/\/menu.betoya.jp\/jimbocho\/vi\/wp-json\/wp\/v2\/menu-book?post=18207"}],"curies":[{"name":"wp","href":"https:\/\/api.w.org\/{rel}","templated":true}]}}