{"id":18193,"date":"2024-11-07T23:10:25","date_gmt":"2024-11-07T14:10:25","guid":{"rendered":"https:\/\/menu.betoya.jp\/jimbocho\/product\/ca-phe-den\/"},"modified":"2026-01-20T10:07:44","modified_gmt":"2026-01-20T01:07:44","slug":"ca-phe-den","status":"publish","type":"product","link":"https:\/\/menu.betoya.jp\/jimbocho\/vi\/product\/ca-phe-den\/","title":{"rendered":"C\u00e0 ph\u00ea \u0111en"},"content":{"rendered":"","protected":false},"excerpt":{"rendered":"","protected":false},"featured_media":0,"comment_status":"open","ping_status":"closed","template":"","meta":[],"product_cat":[270,289],"product_tag":[303,376],"menu-book":[],"class_list":{"0":"post-18193","1":"product","2":"type-product","3":"status-publish","5":"product_cat-doi-voi-cac-tuy-chon","6":"product_cat-chua-duoc-phan-loai","7":"product_tag-opgrp015-loai-ca-phe","8":"product_tag-opgrp028-ca-phe-ban-ngay","10":"first","11":"instock","12":"taxable","13":"purchasable","14":"product-type-simple"},"distributor_meta":false,"distributor_terms":false,"distributor_media":false,"distributor_original_site_name":"Jimbocho","distributor_original_site_url":"https:\/\/menu.betoya.jp\/jimbocho\/vi\/","push-errors":false,"_links":{"self":[{"href":"https:\/\/menu.betoya.jp\/jimbocho\/vi\/wp-json\/wp\/v2\/product\/18193","targetHints":{"allow":["GET"]}}],"collection":[{"href":"https:\/\/menu.betoya.jp\/jimbocho\/vi\/wp-json\/wp\/v2\/product"}],"about":[{"href":"https:\/\/menu.betoya.jp\/jimbocho\/vi\/wp-json\/wp\/v2\/types\/product"}],"replies":[{"embeddable":true,"href":"https:\/\/menu.betoya.jp\/jimbocho\/vi\/wp-json\/wp\/v2\/comments?post=18193"}],"wp:attachment":[{"href":"https:\/\/menu.betoya.jp\/jimbocho\/vi\/wp-json\/wp\/v2\/media?parent=18193"}],"wp:term":[{"taxonomy":"product_cat","embeddable":true,"href":"https:\/\/menu.betoya.jp\/jimbocho\/vi\/wp-json\/wp\/v2\/product_cat?post=18193"},{"taxonomy":"product_tag","embeddable":true,"href":"https:\/\/menu.betoya.jp\/jimbocho\/vi\/wp-json\/wp\/v2\/product_tag?post=18193"},{"taxonomy":"menu-book","embeddable":true,"href":"https:\/\/menu.betoya.jp\/jimbocho\/vi\/wp-json\/wp\/v2\/menu-book?post=18193"}],"curies":[{"name":"wp","href":"https:\/\/api.w.org\/{rel}","templated":true}]}}