{"id":18102,"date":"2024-11-07T23:53:49","date_gmt":"2024-11-07T14:53:49","guid":{"rendered":"https:\/\/menu.betoya.jp\/jimbocho\/product\/combo-cac-mon-chien\/"},"modified":"2025-09-03T10:00:54","modified_gmt":"2025-09-03T01:00:54","slug":"combo-cac-mon-chien","status":"publish","type":"product","link":"https:\/\/menu.betoya.jp\/jimbocho\/vi\/product\/combo-cac-mon-chien\/","title":{"rendered":"Choinomi 2"},"content":{"rendered":"","protected":false},"excerpt":{"rendered":"<p>H\u00e3y ch\u1ecdn bia c\u1ee7a b\u1ea1n! S\u1ef1 k\u1ebft h\u1ee3p tuy\u1ec7t v\u1eddi c\u1ee7a c\u00e1c m\u00f3n chi\u00ean<\/p>\n","protected":false},"featured_media":41637,"comment_status":"open","ping_status":"closed","template":"","meta":[],"product_cat":[293,281],"product_tag":[260],"menu-book":[],"class_list":{"0":"post-18102","1":"product","2":"type-product","3":"status-publish","4":"has-post-thumbnail","6":"product_cat-su-gioi-thieu-vi","7":"product_cat-su-gioi-thieu","8":"product_tag-tat-ca-cac-cua-hang","10":"first","11":"instock","12":"taxable","13":"purchasable","14":"product-type-composite"},"distributor_meta":false,"distributor_terms":false,"distributor_media":false,"distributor_original_site_name":"Jimbocho","distributor_original_site_url":"https:\/\/menu.betoya.jp\/jimbocho\/vi\/","push-errors":false,"_links":{"self":[{"href":"https:\/\/menu.betoya.jp\/jimbocho\/vi\/wp-json\/wp\/v2\/product\/18102","targetHints":{"allow":["GET"]}}],"collection":[{"href":"https:\/\/menu.betoya.jp\/jimbocho\/vi\/wp-json\/wp\/v2\/product"}],"about":[{"href":"https:\/\/menu.betoya.jp\/jimbocho\/vi\/wp-json\/wp\/v2\/types\/product"}],"replies":[{"embeddable":true,"href":"https:\/\/menu.betoya.jp\/jimbocho\/vi\/wp-json\/wp\/v2\/comments?post=18102"}],"wp:featuredmedia":[{"embeddable":true,"href":"https:\/\/menu.betoya.jp\/jimbocho\/vi\/wp-json\/wp\/v2\/media\/41637"}],"wp:attachment":[{"href":"https:\/\/menu.betoya.jp\/jimbocho\/vi\/wp-json\/wp\/v2\/media?parent=18102"}],"wp:term":[{"taxonomy":"product_cat","embeddable":true,"href":"https:\/\/menu.betoya.jp\/jimbocho\/vi\/wp-json\/wp\/v2\/product_cat?post=18102"},{"taxonomy":"product_tag","embeddable":true,"href":"https:\/\/menu.betoya.jp\/jimbocho\/vi\/wp-json\/wp\/v2\/product_tag?post=18102"},{"taxonomy":"menu-book","embeddable":true,"href":"https:\/\/menu.betoya.jp\/jimbocho\/vi\/wp-json\/wp\/v2\/menu-book?post=18102"}],"curies":[{"name":"wp","href":"https:\/\/api.w.org\/{rel}","templated":true}]}}