{"id":18083,"date":"2024-08-28T20:35:30","date_gmt":"2024-08-28T11:35:30","guid":{"rendered":"https:\/\/menu.betoya.jp\/jimbocho\/product\/bun-bo-hue-2\/"},"modified":"2025-11-02T20:32:25","modified_gmt":"2025-11-02T11:32:25","slug":"bun-bo-hue-2","status":"publish","type":"product","link":"https:\/\/menu.betoya.jp\/jimbocho\/vi\/product\/bun-bo-hue-2\/","title":{"rendered":"B\u00fan b\u00f2 Hu\u1ebf"},"content":{"rendered":"","protected":false},"excerpt":{"rendered":"<p>B\u00fan b\u00f2 d\u00e0y tr\u1ea3i d\u00e0i kh\u1eafp B\u1eafc Nam t\u1eeb c\u1ed1 \u0111\u00f4 Hu\u1ebf mi\u1ec1n Trung Vi\u1ec7t Nam. N\u00f3 c\u00f3 \u0111\u1eb7c tr\u01b0ng l\u00e0 s\u1ef1 h\u00e0i h\u00f2a c\u1ee7a nhi\u1ec1u h\u01b0\u01a1ng v\u1ecb, phong c\u00e1ch c\u1ee7a ng\u01b0\u1eddi Vi\u1ec7t l\u00e0 t\u0103ng th\u00eam v\u1ecb cay cho m\u00f3n \u0103n.<\/p>\n","protected":false},"featured_media":18084,"comment_status":"open","ping_status":"closed","template":"","meta":[],"product_cat":[283,286,285,284],"product_tag":[260],"menu-book":[],"class_list":{"0":"post-18083","1":"product","2":"type-product","3":"status-publish","4":"has-post-thumbnail","6":"product_cat-bum-vi-3","7":"product_cat-bbh-vi","8":"product_cat-can-hop-dung-30-yen","9":"product_cat-tang-kem-nuoc-sot-mang-ve","10":"product_tag-tat-ca-cac-cua-hang","12":"first","13":"instock","14":"taxable","15":"purchasable","16":"product-type-composite"},"distributor_meta":false,"distributor_terms":false,"distributor_media":false,"distributor_original_site_name":"Jimbocho","distributor_original_site_url":"https:\/\/menu.betoya.jp\/jimbocho\/vi\/","push-errors":false,"_links":{"self":[{"href":"https:\/\/menu.betoya.jp\/jimbocho\/vi\/wp-json\/wp\/v2\/product\/18083","targetHints":{"allow":["GET"]}}],"collection":[{"href":"https:\/\/menu.betoya.jp\/jimbocho\/vi\/wp-json\/wp\/v2\/product"}],"about":[{"href":"https:\/\/menu.betoya.jp\/jimbocho\/vi\/wp-json\/wp\/v2\/types\/product"}],"replies":[{"embeddable":true,"href":"https:\/\/menu.betoya.jp\/jimbocho\/vi\/wp-json\/wp\/v2\/comments?post=18083"}],"wp:featuredmedia":[{"embeddable":true,"href":"https:\/\/menu.betoya.jp\/jimbocho\/vi\/wp-json\/wp\/v2\/media\/18084"}],"wp:attachment":[{"href":"https:\/\/menu.betoya.jp\/jimbocho\/vi\/wp-json\/wp\/v2\/media?parent=18083"}],"wp:term":[{"taxonomy":"product_cat","embeddable":true,"href":"https:\/\/menu.betoya.jp\/jimbocho\/vi\/wp-json\/wp\/v2\/product_cat?post=18083"},{"taxonomy":"product_tag","embeddable":true,"href":"https:\/\/menu.betoya.jp\/jimbocho\/vi\/wp-json\/wp\/v2\/product_tag?post=18083"},{"taxonomy":"menu-book","embeddable":true,"href":"https:\/\/menu.betoya.jp\/jimbocho\/vi\/wp-json\/wp\/v2\/menu-book?post=18083"}],"curies":[{"name":"wp","href":"https:\/\/api.w.org\/{rel}","templated":true}]}}