{"id":18038,"date":"2024-08-28T11:27:06","date_gmt":"2024-08-28T02:27:06","guid":{"rendered":"https:\/\/menu.betoya.jp\/jimbocho\/product\/banh-mi-ga-nuong-la-chanh\/"},"modified":"2025-07-20T23:55:51","modified_gmt":"2025-07-20T14:55:51","slug":"banh-mi-ga-nuong-la-chanh","status":"publish","type":"product","link":"https:\/\/menu.betoya.jp\/jimbocho\/vi\/product\/banh-mi-ga-nuong-la-chanh\/","title":{"rendered":"B\u00e1nh m\u00ec g\u00e0 l\u00e1 chanh"},"content":{"rendered":"","protected":false},"excerpt":{"rendered":"<p>K\u1eb9p v\u1edbi th\u1ecbt g\u00e0 n\u01b0\u1edbng, c\u1ee7 c\u1ea3i daikon v\u00e0 c\u00e0 r\u1ed1t (ng\u00e2m chua ng\u1ecdt), ph\u1ebft b\u01a1 h\u00e0nh t\u00e2y v\u00e0 gan heo th\u1ee7 c\u00f4ng l\u00ean tr\u00ean.<\/p>\n","protected":false},"featured_media":18040,"comment_status":"open","ping_status":"closed","template":"","meta":[],"product_cat":[324,325],"product_tag":[260],"menu-book":[],"class_list":{"0":"post-18038","1":"product","2":"type-product","3":"status-publish","4":"has-post-thumbnail","6":"product_cat-banh-mi-vi-2","7":"product_cat-banh-mi-vi-3","8":"product_tag-tat-ca-cac-cua-hang","10":"first","11":"instock","12":"taxable","13":"shipping-taxable","14":"purchasable","15":"product-type-composite"},"distributor_meta":false,"distributor_terms":false,"distributor_media":false,"distributor_original_site_name":"Jimbocho","distributor_original_site_url":"https:\/\/menu.betoya.jp\/jimbocho\/vi\/","push-errors":false,"_links":{"self":[{"href":"https:\/\/menu.betoya.jp\/jimbocho\/vi\/wp-json\/wp\/v2\/product\/18038","targetHints":{"allow":["GET"]}}],"collection":[{"href":"https:\/\/menu.betoya.jp\/jimbocho\/vi\/wp-json\/wp\/v2\/product"}],"about":[{"href":"https:\/\/menu.betoya.jp\/jimbocho\/vi\/wp-json\/wp\/v2\/types\/product"}],"replies":[{"embeddable":true,"href":"https:\/\/menu.betoya.jp\/jimbocho\/vi\/wp-json\/wp\/v2\/comments?post=18038"}],"wp:featuredmedia":[{"embeddable":true,"href":"https:\/\/menu.betoya.jp\/jimbocho\/vi\/wp-json\/wp\/v2\/media\/18040"}],"wp:attachment":[{"href":"https:\/\/menu.betoya.jp\/jimbocho\/vi\/wp-json\/wp\/v2\/media?parent=18038"}],"wp:term":[{"taxonomy":"product_cat","embeddable":true,"href":"https:\/\/menu.betoya.jp\/jimbocho\/vi\/wp-json\/wp\/v2\/product_cat?post=18038"},{"taxonomy":"product_tag","embeddable":true,"href":"https:\/\/menu.betoya.jp\/jimbocho\/vi\/wp-json\/wp\/v2\/product_tag?post=18038"},{"taxonomy":"menu-book","embeddable":true,"href":"https:\/\/menu.betoya.jp\/jimbocho\/vi\/wp-json\/wp\/v2\/menu-book?post=18038"}],"curies":[{"name":"wp","href":"https:\/\/api.w.org\/{rel}","templated":true}]}}