{"id":17990,"date":"2024-08-28T11:23:39","date_gmt":"2024-08-28T02:23:39","guid":{"rendered":"https:\/\/menu.betoya.jp\/jimbocho\/product\/nem-chua-ran\/"},"modified":"2025-07-20T23:55:54","modified_gmt":"2025-07-20T14:55:54","slug":"nem-chua-ran","status":"publish","type":"product","link":"https:\/\/menu.betoya.jp\/jimbocho\/vi\/product\/nem-chua-ran\/","title":{"rendered":"Nem chua r\u00e1n"},"content":{"rendered":"","protected":false},"excerpt":{"rendered":"<p>N\u00f3 c\u00f3 v\u1ecb chua v\u00e0 cay v\u00e0 \u0111\u01b0\u1ee3c khuy\u00ean d\u00f9ng nh\u01b0 m\u1ed9t m\u00f3n \u0103n nh\u1eb9!<\/p>\n","protected":false},"featured_media":17991,"comment_status":"open","ping_status":"closed","template":"","meta":[],"product_cat":[262,261],"product_tag":[260],"menu-book":[],"class_list":{"0":"post-17990","1":"product","2":"type-product","3":"status-publish","4":"has-post-thumbnail","6":"product_cat-dia-nho","7":"product_cat-dia-nho-cha-gio","8":"product_tag-tat-ca-cac-cua-hang","10":"first","11":"instock","12":"taxable","13":"purchasable","14":"product-type-simple"},"distributor_meta":false,"distributor_terms":false,"distributor_media":false,"distributor_original_site_name":"Jimbocho","distributor_original_site_url":"https:\/\/menu.betoya.jp\/jimbocho\/vi\/","push-errors":false,"_links":{"self":[{"href":"https:\/\/menu.betoya.jp\/jimbocho\/vi\/wp-json\/wp\/v2\/product\/17990","targetHints":{"allow":["GET"]}}],"collection":[{"href":"https:\/\/menu.betoya.jp\/jimbocho\/vi\/wp-json\/wp\/v2\/product"}],"about":[{"href":"https:\/\/menu.betoya.jp\/jimbocho\/vi\/wp-json\/wp\/v2\/types\/product"}],"replies":[{"embeddable":true,"href":"https:\/\/menu.betoya.jp\/jimbocho\/vi\/wp-json\/wp\/v2\/comments?post=17990"}],"wp:featuredmedia":[{"embeddable":true,"href":"https:\/\/menu.betoya.jp\/jimbocho\/vi\/wp-json\/wp\/v2\/media\/17991"}],"wp:attachment":[{"href":"https:\/\/menu.betoya.jp\/jimbocho\/vi\/wp-json\/wp\/v2\/media?parent=17990"}],"wp:term":[{"taxonomy":"product_cat","embeddable":true,"href":"https:\/\/menu.betoya.jp\/jimbocho\/vi\/wp-json\/wp\/v2\/product_cat?post=17990"},{"taxonomy":"product_tag","embeddable":true,"href":"https:\/\/menu.betoya.jp\/jimbocho\/vi\/wp-json\/wp\/v2\/product_tag?post=17990"},{"taxonomy":"menu-book","embeddable":true,"href":"https:\/\/menu.betoya.jp\/jimbocho\/vi\/wp-json\/wp\/v2\/menu-book?post=17990"}],"curies":[{"name":"wp","href":"https:\/\/api.w.org\/{rel}","templated":true}]}}