{"id":37370,"date":"2025-06-26T23:16:43","date_gmt":"2025-06-26T14:16:43","guid":{"rendered":"https:\/\/menu.betoya.jp\/hongo\/product\/banh-banh-mi-charshu-2\/"},"modified":"2026-01-30T13:56:54","modified_gmt":"2026-01-30T04:56:54","slug":"banh-banh-mi-charshu-2","status":"publish","type":"product","link":"https:\/\/menu.betoya.jp\/hongo\/vi\/product\/banh-banh-mi-charshu-2\/","title":{"rendered":"B\u00e1nh m\u00ec x\u00e1 x\u00edu"},"content":{"rendered":"","protected":false},"excerpt":{"rendered":"","protected":false},"featured_media":37352,"comment_status":"closed","ping_status":"closed","template":"","meta":[],"product_cat":[307,327,328],"product_tag":[277],"menu-book":[],"class_list":{"0":"post-37370","1":"product","2":"type-product","3":"status-publish","4":"has-post-thumbnail","6":"product_cat-banh-mi-vi","7":"product_cat-banh-mi-vi-2","8":"product_cat-banh-mi-vi-3","9":"product_tag-tat-ca-cac-cua-hang","11":"first","12":"instock","13":"taxable","14":"shipping-taxable","15":"purchasable","16":"product-type-composite"},"distributor_meta":false,"distributor_terms":false,"distributor_media":false,"distributor_original_site_name":"Hongo","distributor_original_site_url":"https:\/\/menu.betoya.jp\/hongo\/vi\/","push-errors":false,"_links":{"self":[{"href":"https:\/\/menu.betoya.jp\/hongo\/vi\/wp-json\/wp\/v2\/product\/37370","targetHints":{"allow":["GET"]}}],"collection":[{"href":"https:\/\/menu.betoya.jp\/hongo\/vi\/wp-json\/wp\/v2\/product"}],"about":[{"href":"https:\/\/menu.betoya.jp\/hongo\/vi\/wp-json\/wp\/v2\/types\/product"}],"replies":[{"embeddable":true,"href":"https:\/\/menu.betoya.jp\/hongo\/vi\/wp-json\/wp\/v2\/comments?post=37370"}],"wp:featuredmedia":[{"embeddable":true,"href":"https:\/\/menu.betoya.jp\/hongo\/vi\/wp-json\/wp\/v2\/media\/37352"}],"wp:attachment":[{"href":"https:\/\/menu.betoya.jp\/hongo\/vi\/wp-json\/wp\/v2\/media?parent=37370"}],"wp:term":[{"taxonomy":"product_cat","embeddable":true,"href":"https:\/\/menu.betoya.jp\/hongo\/vi\/wp-json\/wp\/v2\/product_cat?post=37370"},{"taxonomy":"product_tag","embeddable":true,"href":"https:\/\/menu.betoya.jp\/hongo\/vi\/wp-json\/wp\/v2\/product_tag?post=37370"},{"taxonomy":"menu-book","embeddable":true,"href":"https:\/\/menu.betoya.jp\/hongo\/vi\/wp-json\/wp\/v2\/menu-book?post=37370"}],"curies":[{"name":"wp","href":"https:\/\/api.w.org\/{rel}","templated":true}]}}