{"id":37351,"date":"2025-06-26T23:13:08","date_gmt":"2025-06-26T14:13:08","guid":{"rendered":"https:\/\/menu.betoya.jp\/hongo\/product\/banh-banh-mi-charshu\/"},"modified":"2026-01-30T13:56:48","modified_gmt":"2026-01-30T04:56:48","slug":"banh-banh-mi-charshu","status":"publish","type":"product","link":"https:\/\/menu.betoya.jp\/hongo\/vi\/product\/banh-banh-mi-charshu\/","title":{"rendered":"B\u00e1nh B\u00e1nh M\u00ec Charshu"},"content":{"rendered":"","protected":false},"excerpt":{"rendered":"","protected":false},"featured_media":37352,"comment_status":"closed","ping_status":"closed","template":"","meta":[],"product_cat":[284],"product_tag":[321],"menu-book":[],"class_list":{"0":"post-37351","1":"product","2":"type-product","3":"status-publish","4":"has-post-thumbnail","6":"product_cat-doi-voi-cac-tuy-chon","7":"product_tag-opgrp012-banh-mi-loai","9":"first","10":"instock","11":"taxable","12":"purchasable","13":"product-type-simple"},"distributor_meta":false,"distributor_terms":false,"distributor_media":false,"distributor_original_site_name":"Hongo","distributor_original_site_url":"https:\/\/menu.betoya.jp\/hongo\/vi\/","push-errors":false,"_links":{"self":[{"href":"https:\/\/menu.betoya.jp\/hongo\/vi\/wp-json\/wp\/v2\/product\/37351","targetHints":{"allow":["GET"]}}],"collection":[{"href":"https:\/\/menu.betoya.jp\/hongo\/vi\/wp-json\/wp\/v2\/product"}],"about":[{"href":"https:\/\/menu.betoya.jp\/hongo\/vi\/wp-json\/wp\/v2\/types\/product"}],"replies":[{"embeddable":true,"href":"https:\/\/menu.betoya.jp\/hongo\/vi\/wp-json\/wp\/v2\/comments?post=37351"}],"wp:featuredmedia":[{"embeddable":true,"href":"https:\/\/menu.betoya.jp\/hongo\/vi\/wp-json\/wp\/v2\/media\/37352"}],"wp:attachment":[{"href":"https:\/\/menu.betoya.jp\/hongo\/vi\/wp-json\/wp\/v2\/media?parent=37351"}],"wp:term":[{"taxonomy":"product_cat","embeddable":true,"href":"https:\/\/menu.betoya.jp\/hongo\/vi\/wp-json\/wp\/v2\/product_cat?post=37351"},{"taxonomy":"product_tag","embeddable":true,"href":"https:\/\/menu.betoya.jp\/hongo\/vi\/wp-json\/wp\/v2\/product_tag?post=37351"},{"taxonomy":"menu-book","embeddable":true,"href":"https:\/\/menu.betoya.jp\/hongo\/vi\/wp-json\/wp\/v2\/menu-book?post=37351"}],"curies":[{"name":"wp","href":"https:\/\/api.w.org\/{rel}","templated":true}]}}