{"id":21314,"date":"2023-06-06T17:36:50","date_gmt":"2023-06-06T08:36:50","guid":{"rendered":"https:\/\/menu.betoya.jp\/hongo\/product\/nem-ran-2-cay-2\/"},"modified":"2025-07-19T01:14:30","modified_gmt":"2025-07-18T16:14:30","slug":"nem-ran-2-cay-2","status":"publish","type":"product","link":"https:\/\/menu.betoya.jp\/hongo\/vi\/product\/nem-ran-2-cay-2\/","title":{"rendered":"2 cu\u1ed1n ch\u1ea3 gi\u00f2 chi\u00ean gi\u00f2n"},"content":{"rendered":"","protected":false},"excerpt":{"rendered":"","protected":false},"featured_media":18515,"comment_status":"open","ping_status":"closed","template":"","meta":[],"product_cat":[278],"product_tag":[],"menu-book":[],"class_list":{"0":"post-21314","1":"product","2":"type-product","3":"status-publish","4":"has-post-thumbnail","6":"product_cat-chua-duoc-phan-loai","8":"first","9":"instock","10":"taxable","11":"purchasable","12":"product-type-simple"},"distributor_meta":false,"distributor_terms":false,"distributor_media":false,"distributor_original_site_name":"Hongo","distributor_original_site_url":"https:\/\/menu.betoya.jp\/hongo\/vi\/","push-errors":false,"_links":{"self":[{"href":"https:\/\/menu.betoya.jp\/hongo\/vi\/wp-json\/wp\/v2\/product\/21314","targetHints":{"allow":["GET"]}}],"collection":[{"href":"https:\/\/menu.betoya.jp\/hongo\/vi\/wp-json\/wp\/v2\/product"}],"about":[{"href":"https:\/\/menu.betoya.jp\/hongo\/vi\/wp-json\/wp\/v2\/types\/product"}],"replies":[{"embeddable":true,"href":"https:\/\/menu.betoya.jp\/hongo\/vi\/wp-json\/wp\/v2\/comments?post=21314"}],"wp:featuredmedia":[{"embeddable":true,"href":"https:\/\/menu.betoya.jp\/hongo\/vi\/wp-json\/wp\/v2\/media\/18515"}],"wp:attachment":[{"href":"https:\/\/menu.betoya.jp\/hongo\/vi\/wp-json\/wp\/v2\/media?parent=21314"}],"wp:term":[{"taxonomy":"product_cat","embeddable":true,"href":"https:\/\/menu.betoya.jp\/hongo\/vi\/wp-json\/wp\/v2\/product_cat?post=21314"},{"taxonomy":"product_tag","embeddable":true,"href":"https:\/\/menu.betoya.jp\/hongo\/vi\/wp-json\/wp\/v2\/product_tag?post=21314"},{"taxonomy":"menu-book","embeddable":true,"href":"https:\/\/menu.betoya.jp\/hongo\/vi\/wp-json\/wp\/v2\/menu-book?post=21314"}],"curies":[{"name":"wp","href":"https:\/\/api.w.org\/{rel}","templated":true}]}}