{"id":18567,"date":"2025-03-10T11:29:19","date_gmt":"2025-03-10T02:29:19","guid":{"rendered":"https:\/\/menu.betoya.jp\/hongo\/product\/set-banh-mi-va-pho-mini\/"},"modified":"2025-11-17T00:51:41","modified_gmt":"2025-11-16T15:51:41","slug":"set-banh-mi-va-pho-mini","status":"publish","type":"product","link":"https:\/\/menu.betoya.jp\/hongo\/vi\/product\/set-banh-mi-va-pho-mini\/","title":{"rendered":"Set b\u00e1nh m\u00ec v\u00e0 ph\u1edf mini"},"content":{"rendered":"","protected":false},"excerpt":{"rendered":"","protected":false},"featured_media":19308,"comment_status":"open","ping_status":"closed","template":"","meta":[],"product_cat":[278,291,290],"product_tag":[277],"menu-book":[],"class_list":{"0":"post-18567","1":"product","2":"type-product","3":"status-publish","4":"has-post-thumbnail","6":"product_cat-chua-duoc-phan-loai","7":"product_cat-su-gioi-thieu","8":"product_cat-suat-an-trua","9":"product_tag-tat-ca-cac-cua-hang","11":"first","12":"instock","13":"taxable","14":"shipping-taxable","15":"purchasable","16":"product-type-composite"},"distributor_meta":false,"distributor_terms":false,"distributor_media":false,"distributor_original_site_name":"Hongo","distributor_original_site_url":"https:\/\/menu.betoya.jp\/hongo\/vi\/","push-errors":false,"_links":{"self":[{"href":"https:\/\/menu.betoya.jp\/hongo\/vi\/wp-json\/wp\/v2\/product\/18567","targetHints":{"allow":["GET"]}}],"collection":[{"href":"https:\/\/menu.betoya.jp\/hongo\/vi\/wp-json\/wp\/v2\/product"}],"about":[{"href":"https:\/\/menu.betoya.jp\/hongo\/vi\/wp-json\/wp\/v2\/types\/product"}],"replies":[{"embeddable":true,"href":"https:\/\/menu.betoya.jp\/hongo\/vi\/wp-json\/wp\/v2\/comments?post=18567"}],"wp:featuredmedia":[{"embeddable":true,"href":"https:\/\/menu.betoya.jp\/hongo\/vi\/wp-json\/wp\/v2\/media\/19308"}],"wp:attachment":[{"href":"https:\/\/menu.betoya.jp\/hongo\/vi\/wp-json\/wp\/v2\/media?parent=18567"}],"wp:term":[{"taxonomy":"product_cat","embeddable":true,"href":"https:\/\/menu.betoya.jp\/hongo\/vi\/wp-json\/wp\/v2\/product_cat?post=18567"},{"taxonomy":"product_tag","embeddable":true,"href":"https:\/\/menu.betoya.jp\/hongo\/vi\/wp-json\/wp\/v2\/product_tag?post=18567"},{"taxonomy":"menu-book","embeddable":true,"href":"https:\/\/menu.betoya.jp\/hongo\/vi\/wp-json\/wp\/v2\/menu-book?post=18567"}],"curies":[{"name":"wp","href":"https:\/\/api.w.org\/{rel}","templated":true}]}}