{"id":17883,"date":"2024-10-09T22:22:11","date_gmt":"2024-10-09T13:22:11","guid":{"rendered":"https:\/\/menu.betoya.jp\/hongo\/product\/banh-phong-tom\/"},"modified":"2025-11-17T00:51:38","modified_gmt":"2025-11-16T15:51:38","slug":"banh-phong-tom","status":"publish","type":"product","link":"https:\/\/menu.betoya.jp\/hongo\/vi\/product\/banh-phong-tom\/","title":{"rendered":"b\u00e1nh ph\u1ed3ng t\u00f4m"},"content":{"rendered":"","protected":false},"excerpt":{"rendered":"<p>Ch\u00fang t\u00f4i c\u0169ng khuy\u00ean b\u1ea1n n\u00ean \u0103n n\u00f3 v\u1edbi m\u00f3n salad.<\/p>\n","protected":false},"featured_media":18220,"comment_status":"open","ping_status":"closed","template":"","meta":[],"product_cat":[311,326],"product_tag":[277],"menu-book":[],"class_list":{"0":"post-17883","1":"product","2":"type-product","3":"status-publish","4":"has-post-thumbnail","6":"product_cat-takeaway-vi","7":"product_cat-dia-nho-cha-gio-vi","8":"product_tag-tat-ca-cac-cua-hang","10":"first","11":"instock","12":"taxable","13":"purchasable","14":"product-type-simple"},"distributor_meta":false,"distributor_terms":false,"distributor_media":false,"distributor_original_site_name":"Hongo","distributor_original_site_url":"https:\/\/menu.betoya.jp\/hongo\/vi\/","push-errors":false,"_links":{"self":[{"href":"https:\/\/menu.betoya.jp\/hongo\/vi\/wp-json\/wp\/v2\/product\/17883","targetHints":{"allow":["GET"]}}],"collection":[{"href":"https:\/\/menu.betoya.jp\/hongo\/vi\/wp-json\/wp\/v2\/product"}],"about":[{"href":"https:\/\/menu.betoya.jp\/hongo\/vi\/wp-json\/wp\/v2\/types\/product"}],"replies":[{"embeddable":true,"href":"https:\/\/menu.betoya.jp\/hongo\/vi\/wp-json\/wp\/v2\/comments?post=17883"}],"wp:featuredmedia":[{"embeddable":true,"href":"https:\/\/menu.betoya.jp\/hongo\/vi\/wp-json\/wp\/v2\/media\/18220"}],"wp:attachment":[{"href":"https:\/\/menu.betoya.jp\/hongo\/vi\/wp-json\/wp\/v2\/media?parent=17883"}],"wp:term":[{"taxonomy":"product_cat","embeddable":true,"href":"https:\/\/menu.betoya.jp\/hongo\/vi\/wp-json\/wp\/v2\/product_cat?post=17883"},{"taxonomy":"product_tag","embeddable":true,"href":"https:\/\/menu.betoya.jp\/hongo\/vi\/wp-json\/wp\/v2\/product_tag?post=17883"},{"taxonomy":"menu-book","embeddable":true,"href":"https:\/\/menu.betoya.jp\/hongo\/vi\/wp-json\/wp\/v2\/menu-book?post=17883"}],"curies":[{"name":"wp","href":"https:\/\/api.w.org\/{rel}","templated":true}]}}