{"id":17882,"date":"2024-10-09T22:22:34","date_gmt":"2024-10-09T13:22:34","guid":{"rendered":"https:\/\/menu.betoya.jp\/hongo\/product\/doi-sun\/"},"modified":"2025-11-17T00:51:38","modified_gmt":"2025-11-16T15:51:38","slug":"doi-sun","status":"publish","type":"product","link":"https:\/\/menu.betoya.jp\/hongo\/vi\/product\/doi-sun\/","title":{"rendered":"d\u1ed3i s\u1ee5n"},"content":{"rendered":"","protected":false},"excerpt":{"rendered":"<p>\u1ede Vi\u1ec7t Nam c\u0169ng c\u00f3 nhi\u1ec1u lo\u1ea1i x\u00fac x\u00edch kh\u00e1c nhau! M\u1eddi c\u00e1c b\u1ea1n th\u01b0\u1edfng th\u1ee9c m\u1ed9t ph\u1ea7n v\u0103n h\u00f3a \u1ea9m th\u1ef1c Vi\u1ec7t Nam t\u1ea1i Vietya.<\/p>\n","protected":false},"featured_media":18221,"comment_status":"open","ping_status":"closed","template":"","meta":[],"product_cat":[326],"product_tag":[293],"menu-book":[],"class_list":{"0":"post-17882","1":"product","2":"type-product","3":"status-publish","4":"has-post-thumbnail","6":"product_cat-dia-nho-cha-gio-vi","7":"product_tag-cua-hang-hongo","9":"first","10":"instock","11":"taxable","12":"purchasable","13":"product-type-simple"},"distributor_meta":false,"distributor_terms":false,"distributor_media":false,"distributor_original_site_name":"Hongo","distributor_original_site_url":"https:\/\/menu.betoya.jp\/hongo\/vi\/","push-errors":false,"_links":{"self":[{"href":"https:\/\/menu.betoya.jp\/hongo\/vi\/wp-json\/wp\/v2\/product\/17882","targetHints":{"allow":["GET"]}}],"collection":[{"href":"https:\/\/menu.betoya.jp\/hongo\/vi\/wp-json\/wp\/v2\/product"}],"about":[{"href":"https:\/\/menu.betoya.jp\/hongo\/vi\/wp-json\/wp\/v2\/types\/product"}],"replies":[{"embeddable":true,"href":"https:\/\/menu.betoya.jp\/hongo\/vi\/wp-json\/wp\/v2\/comments?post=17882"}],"wp:featuredmedia":[{"embeddable":true,"href":"https:\/\/menu.betoya.jp\/hongo\/vi\/wp-json\/wp\/v2\/media\/18221"}],"wp:attachment":[{"href":"https:\/\/menu.betoya.jp\/hongo\/vi\/wp-json\/wp\/v2\/media?parent=17882"}],"wp:term":[{"taxonomy":"product_cat","embeddable":true,"href":"https:\/\/menu.betoya.jp\/hongo\/vi\/wp-json\/wp\/v2\/product_cat?post=17882"},{"taxonomy":"product_tag","embeddable":true,"href":"https:\/\/menu.betoya.jp\/hongo\/vi\/wp-json\/wp\/v2\/product_tag?post=17882"},{"taxonomy":"menu-book","embeddable":true,"href":"https:\/\/menu.betoya.jp\/hongo\/vi\/wp-json\/wp\/v2\/menu-book?post=17882"}],"curies":[{"name":"wp","href":"https:\/\/api.w.org\/{rel}","templated":true}]}}