{"id":17848,"date":"2024-09-02T01:14:21","date_gmt":"2024-09-01T16:14:21","guid":{"rendered":"https:\/\/menu.betoya.jp\/hongo\/product\/xoi-nghe-va-xoi-den\/"},"modified":"2025-11-17T00:51:36","modified_gmt":"2025-11-16T15:51:36","slug":"xoi-nghe-va-xoi-den","status":"publish","type":"product","link":"https:\/\/menu.betoya.jp\/hongo\/vi\/product\/xoi-nghe-va-xoi-den\/","title":{"rendered":"X\u00f4i ngh\u1ec7 v\u00e0 x\u00f4i \u0111en"},"content":{"rendered":"","protected":false},"excerpt":{"rendered":"","protected":false},"featured_media":17475,"comment_status":"open","ping_status":"closed","template":"","meta":[],"product_cat":[364],"product_tag":[334],"menu-book":[],"class_list":{"0":"post-17848","1":"product","2":"type-product","3":"status-publish","4":"has-post-thumbnail","6":"product_cat-dome-vi","7":"product_tag--vi","9":"first","10":"instock","11":"taxable","12":"shipping-taxable","13":"purchasable","14":"product-type-simple"},"distributor_meta":false,"distributor_terms":false,"distributor_media":false,"distributor_original_site_name":"Hongo","distributor_original_site_url":"https:\/\/menu.betoya.jp\/hongo\/vi\/","push-errors":false,"_links":{"self":[{"href":"https:\/\/menu.betoya.jp\/hongo\/vi\/wp-json\/wp\/v2\/product\/17848","targetHints":{"allow":["GET"]}}],"collection":[{"href":"https:\/\/menu.betoya.jp\/hongo\/vi\/wp-json\/wp\/v2\/product"}],"about":[{"href":"https:\/\/menu.betoya.jp\/hongo\/vi\/wp-json\/wp\/v2\/types\/product"}],"replies":[{"embeddable":true,"href":"https:\/\/menu.betoya.jp\/hongo\/vi\/wp-json\/wp\/v2\/comments?post=17848"}],"wp:featuredmedia":[{"embeddable":true,"href":"https:\/\/menu.betoya.jp\/hongo\/vi\/wp-json\/wp\/v2\/media\/17475"}],"wp:attachment":[{"href":"https:\/\/menu.betoya.jp\/hongo\/vi\/wp-json\/wp\/v2\/media?parent=17848"}],"wp:term":[{"taxonomy":"product_cat","embeddable":true,"href":"https:\/\/menu.betoya.jp\/hongo\/vi\/wp-json\/wp\/v2\/product_cat?post=17848"},{"taxonomy":"product_tag","embeddable":true,"href":"https:\/\/menu.betoya.jp\/hongo\/vi\/wp-json\/wp\/v2\/product_tag?post=17848"},{"taxonomy":"menu-book","embeddable":true,"href":"https:\/\/menu.betoya.jp\/hongo\/vi\/wp-json\/wp\/v2\/menu-book?post=17848"}],"curies":[{"name":"wp","href":"https:\/\/api.w.org\/{rel}","templated":true}]}}