{"id":17794,"date":"2022-09-05T11:41:44","date_gmt":"2022-09-05T02:41:44","guid":{"rendered":"https:\/\/menu.betoya.jp\/hongo\/product\/bun-bo-hue\/"},"modified":"2025-12-09T20:53:25","modified_gmt":"2025-12-09T11:53:25","slug":"bun-bo-hue-3","status":"publish","type":"product","link":"https:\/\/menu.betoya.jp\/hongo\/vi\/product\/bun-bo-hue-3\/","title":{"rendered":"B\u00fan b\u00f2 Hu\u1ebf"},"content":{"rendered":"","protected":false},"excerpt":{"rendered":"<p>B\u00fan b\u00f2 d\u00e0y tr\u1ea3i d\u00e0i kh\u1eafp B\u1eafc Nam t\u1eeb c\u1ed1 \u0111\u00f4 Hu\u1ebf mi\u1ec1n Trung Vi\u1ec7t Nam. N\u00f3 c\u00f3 \u0111\u1eb7c tr\u01b0ng l\u00e0 s\u1ef1 h\u00e0i h\u00f2a c\u1ee7a nhi\u1ec1u h\u01b0\u01a1ng v\u1ecb, phong c\u00e1ch c\u1ee7a ng\u01b0\u1eddi Vi\u1ec7t l\u00e0 t\u0103ng th\u00eam v\u1ecb cay cho m\u00f3n \u0103n.<\/p>\n","protected":false},"featured_media":17985,"comment_status":"open","ping_status":"closed","template":"","meta":[],"product_cat":[288,374,287],"product_tag":[277],"menu-book":[],"class_list":{"0":"post-17794","1":"product","2":"type-product","3":"status-publish","4":"has-post-thumbnail","6":"product_cat-bun_lunch-vi","7":"product_cat-featured-vi","8":"product_cat-bun-dinner-vi","9":"product_tag-tat-ca-cac-cua-hang","11":"first","12":"instock","13":"taxable","14":"shipping-taxable","15":"purchasable","16":"product-type-composite"},"distributor_meta":false,"distributor_terms":false,"distributor_media":false,"distributor_original_site_name":"Hongo","distributor_original_site_url":"https:\/\/menu.betoya.jp\/hongo\/vi\/","push-errors":false,"_links":{"self":[{"href":"https:\/\/menu.betoya.jp\/hongo\/vi\/wp-json\/wp\/v2\/product\/17794","targetHints":{"allow":["GET"]}}],"collection":[{"href":"https:\/\/menu.betoya.jp\/hongo\/vi\/wp-json\/wp\/v2\/product"}],"about":[{"href":"https:\/\/menu.betoya.jp\/hongo\/vi\/wp-json\/wp\/v2\/types\/product"}],"replies":[{"embeddable":true,"href":"https:\/\/menu.betoya.jp\/hongo\/vi\/wp-json\/wp\/v2\/comments?post=17794"}],"wp:featuredmedia":[{"embeddable":true,"href":"https:\/\/menu.betoya.jp\/hongo\/vi\/wp-json\/wp\/v2\/media\/17985"}],"wp:attachment":[{"href":"https:\/\/menu.betoya.jp\/hongo\/vi\/wp-json\/wp\/v2\/media?parent=17794"}],"wp:term":[{"taxonomy":"product_cat","embeddable":true,"href":"https:\/\/menu.betoya.jp\/hongo\/vi\/wp-json\/wp\/v2\/product_cat?post=17794"},{"taxonomy":"product_tag","embeddable":true,"href":"https:\/\/menu.betoya.jp\/hongo\/vi\/wp-json\/wp\/v2\/product_tag?post=17794"},{"taxonomy":"menu-book","embeddable":true,"href":"https:\/\/menu.betoya.jp\/hongo\/vi\/wp-json\/wp\/v2\/menu-book?post=17794"}],"curies":[{"name":"wp","href":"https:\/\/api.w.org\/{rel}","templated":true}]}}